{"id":3469,"date":"2020-12-16T15:43:14","date_gmt":"2020-12-16T14:43:14","guid":{"rendered":"https:\/\/investors.eurobatteryminerals.com\/\/?page_id=3469"},"modified":"2026-02-20T17:11:34","modified_gmt":"2026-02-20T16:11:34","slug":"startsida","status":"publish","type":"page","link":"https:\/\/investors.eurobatteryminerals.com\/de\/","title":{"rendered":"Startsida"},"content":{"rendered":"\n\n<div class=\"wh-hero-investors lazyload\" style=\"background-image:inherit\" data-bg-image=\"url(https:\/\/investors.eurobatteryminerals.com\/wp-content\/uploads\/2023\/03\/investor-hero.jpg)\">\n    <div class=\"wh-hero-investors-inner\">\n                    <header class=\"wh-hero-investors-header\">\n                <h1 class=\"wh-hero-investors-header-heading is-statement is-bold\">\n                    Investor Relations                <\/h1>\n                <p class=\"wh-hero-investors-heading-text is-lead is-regular\">\n                    Eurobattery Minerals konzentriert sich auf die verantwortungsbewusste Exploration und Erschlie\u00dfung mehrerer Nickel-Kobalt-Kupfer-Projekte in Europa.<br> Gelistet in Schweden und Deutschland.                <\/p>\n            <\/header>\n            <\/div>\n<\/div>\n\n\n\n<div class=\"wh-grid is-blue\">\n    <div class=\"wh-pressreleases-island\">\n        <div class=\"wh-pressreleases-island-items\">\n            <div class=\"wh-pressreleases-island-item\">\n                <header class=\"wh-pressreleases-island-item-content\">\n                    <h4 class=\"wh-pressreleases-island-item-content-heading is-bigger is-white is-bold\">\n                                                    Pressemitteilungen\n                                            <\/h4>\n\n                                                                        <a\n                                class=\"wh-pressreleases-island-item-link is-white has-padding-top\"\n                                href=\"https:\/\/investors.eurobatteryminerals.com\/de\/pressemitteilungen\/eurobattery-minerals-stellt-das-corcel-minerals-projekt-ein-und-scharft-den-strategischen-fokus-auf-seine-kernprojekte\/\"\n                            >\n                                <p\n                                    class=\"wh-pressreleases-island-item-link-date is-white is-small \"\n                                >\n                                    10 april 2026                                <\/p>\n                                <h6\n                                    class=\"wh-pressreleases-island-item-link-title is-white is-regular is-lowercase \"\n                                >\n                                    Eurobattery Minerals stellt das Corcel-Minerals-Projekt ein und sch\u00e4rft den strategischen Fokus auf seine Kernprojekte                                <\/h6>\n                            <\/a>\n                                                    <a\n                                class=\"wh-pressreleases-island-item-link is-white \"\n                                href=\"https:\/\/investors.eurobatteryminerals.com\/de\/pressemitteilungen\/genehmigungsverfahren-fur-hautalampi-schreitet-voran-antrag-auf-erganzende-informationen-eingegangen\/\"\n                            >\n                                <p\n                                    class=\"wh-pressreleases-island-item-link-date is-white is-small is-faded\"\n                                >\n                                    02 april 2026                                <\/p>\n                                <h6\n                                    class=\"wh-pressreleases-island-item-link-title is-white is-regular is-lowercase is-faded\"\n                                >\n                                    Genehmigungsverfahren f\u00fcr Hautalampi schreitet voran \u2013 Antrag auf erg\u00e4nzende Informationen eingegangen                                <\/h6>\n                            <\/a>\n                                            \n                    <a href=\"\/de\/pressemitteilungen\/\" class=\"wh-pressreleases-island-item-button wh-button is-primary is-green is-smaller\">\n                                                    Alle ansehen\n                                            <\/a>\n                <\/header>\n            <\/div>\n\n            <div class=\"wh-pressreleases-island-item\">\n                <header class=\"wh-pressreleases-island-item-content\">\n                    <h4 class=\"wh-pressreleases-island-item-content-heading is-bigger is-white is-bold\">\n                                                    Wirtschaftsberichte\n                                            <\/h4>\n\n                                            <h6 class=\"wh-pressreleases-island-item-link-title is-white is-regular is-lowercase has-no-border-bottom\">\n                            Eurobattery Minerals ver\u00f6ffentlicht Jahresendbericht f\u00fcr 2025.                        <\/h6>\n\n                        <a\n                            href=\"https:\/\/investors.eurobatteryminerals.com\/wp-content\/uploads\/2026\/02\/bat-year-end-2025-de-1p8aul3.pdf\"\n                            class=\"wh-pressreleases-island-item-link is-white has-padding\"\n                        >\n                            <i class=\"wh-pressreleases-island-item-link-icon material-icons-outlined\">\n                                picture_as_pdf\n                            <\/i>\n                                                            Bericht herunterladen\n                                                    <\/a>\n\n                                                    <a\n                                href=\"https:\/\/investors.eurobatteryminerals.com\/de\/pressemitteilungen\/eurobattery-minerals-veroffentlicht-geschaftsbericht-2025-und-treibt-planung-und-bau-der-wolfram-aufbereitungsanlage-in-san-juan-voran\/\"\n                                class=\"wh-pressreleases-island-item-link is-white has-padding\"\n                            >\n                                <i class=\"wh-pressreleases-island-item-link-icon material-icons-outlined\">\n                                    feed\n                                <\/i>\n                                                                    Pressemitteilung\n                                                            <\/a>\n                                            \n                    <a href=\"\/de\/wirtschaftsberichte\/\" class=\"wh-pressreleases-island-item-button wh-button is-primary is-green is-smaller\">\n                                                    Alle wirtschaftsberichte\n                                            <\/a>\n                <\/header>\n            <\/div>\n            <div class=\"wh-pressreleases-island-item\">\n                <header class=\"wh-pressreleases-island-item-content\">\n                    <h4 class=\"wh-pressreleases-island-item-content-heading is-bigger is-white is-bold\">\n                                                    Finanzkalender\n                                            <\/h4>\n\n                                                                        <div class=\"wh-pressreleases-island-item-link has-padding\">\n                                <i class=\"wh-pressreleases-island-item-link-icon material-icons-outlined \">\n                                    event                                <\/i>\n                                <p class=\"wh-pressreleases-island-item-link-text is-regular\">\n                                    Gesch\u00e4ftsbericht 2025                                <\/p>\n                                <p class=\"wh-pressreleases-island-item-link-date has-no-margin-bottom is-small is-regular\">\n                                    15-05-2026                                <\/p>\n                            <\/div>\n                                                    <div class=\"wh-pressreleases-island-item-link has-padding\">\n                                <i class=\"wh-pressreleases-island-item-link-icon material-icons-outlined \">\n                                    event                                <\/i>\n                                <p class=\"wh-pressreleases-island-item-link-text is-regular\">\n                                    ZWISCHENBERICHT F\u00dcR JAN \u2013M\u00c4RZ 2026                                <\/p>\n                                <p class=\"wh-pressreleases-island-item-link-date has-no-margin-bottom is-small is-regular\">\n                                    29-05-2026                                <\/p>\n                            <\/div>\n                                                    <div class=\"wh-pressreleases-island-item-link has-padding\">\n                                <i class=\"wh-pressreleases-island-item-link-icon material-icons-outlined \">\n                                    event                                <\/i>\n                                <p class=\"wh-pressreleases-island-item-link-text is-regular\">\n                                    Jahresversammlungen                                <\/p>\n                                <p class=\"wh-pressreleases-island-item-link-date has-no-margin-bottom is-small is-regular\">\n                                    16-06-2026                                <\/p>\n                            <\/div>\n                                                    <div class=\"wh-pressreleases-island-item-link has-padding\">\n                                <i class=\"wh-pressreleases-island-item-link-icon material-icons-outlined \">\n                                    event                                <\/i>\n                                <p class=\"wh-pressreleases-island-item-link-text is-regular\">\n                                    ZWISCHENBERICHT F\u00dcR JAN \u2013JUNI 2026                                <\/p>\n                                <p class=\"wh-pressreleases-island-item-link-date has-no-margin-bottom is-small is-regular\">\n                                    31-07-2026                                <\/p>\n                            <\/div>\n                                            \n                    <a href=\"\/de\/finanzkalender\/\" class=\"wh-pressreleases-island-item-button wh-button is-primary is-green is-smaller\">\n                                                    Kalender\n                                            <\/a>\n                <\/header>\n            <\/div>\n        <\/div>\n    <\/div>\n<\/div>\n\n<div class=\"wh-stock-price-island\">\n    <header class=\"wh-stock-price-island-header\">\n        <h4 class=\"wh-stock-price-island-header-heading is-bold\">\n                            Aktienkurs\n                    <\/h4>\n    <\/header>\n\n    <div class=\"wh-stock-price-island-items\">\n        <div class=\"wh-stock-price-island-item\">\n            <a\n                class=\"wh-stock-price-island-item-content\"\n                href=\"http:\/\/mdweb.ngm.se\/MDWebFront\/detailview.html?locale=sv_SE&#038;orderBookId=558J&#038;isEquity=true\"\n                target=\"_blank\"\n            >\n                <div class=\"wh-stock-price-island-item-content-group\">\n                    <div class=\"wh-stock-price-island-item-content-image\">\n                        <img decoding=\"async\" src=\"\/wp-content\/themes\/ebm\/assets\/static\/images\/sweden.svg\" class=\"wh-stock-price-island-content-image\">\n                    <\/div>\n                    <h4 class=\"wh-stock-price-island-item-content-price is-sek is-bold is-black\">\n                       s\n                    <\/h4>\n                <\/div>\n                <h3 class=\"wh-stock-price-island-item-content-percentage is-sek is-bold is-bigger\">\n\n                <\/h3>\n                <i class=\"material-icons wh-stock-price-island-item-content-icon\">\n                    open_in_new\n                <\/i>\n            <\/a>\n        <\/div>\n        <div class=\"wh-stock-price-island-item\">\n            <a\n                class=\"wh-stock-price-island-item-content\"\n                href=\"https:\/\/www.boerse-stuttgart.de\/en\/products\/equities\/stuttgart\/a2pg12-eurobattery-minerals-ab\"\n                target=\"_blank\"\n            >\n                <div class=\"wh-stock-price-island-item-content-group\">\n                    <div class=\"wh-stock-price-island-item-content-image\">\n                        <img decoding=\"async\" src=\"\/wp-content\/themes\/ebm\/assets\/static\/images\/german.svg\" class=\"wh-stock-price-island-content-image\">\n                    <\/div>\n                    <h4 class=\"wh-stock-price-island-item-content-price is-euro is-bold is-black\">\n\n                    <\/h4>\n                <\/div>\n                <h3 class=\"wh-stock-price-island-item-content-percentage is-euro is-bold is-bigger\">\n\n                <\/h3>\n                <i class=\"material-icons wh-stock-price-island-item-content-icon\">\n                    open_in_new\n                <\/i>\n            <\/a>\n        <\/div>\n    <\/div>\n<\/div>\n\n\n\n    <div class=\"wh-grid\">\n        <div class=\"wh-text-and-image\">\n            <div class=\"wh-text-and-image-items\">\n                                    <div class=\"wh-text-and-image-item\">\n                        <div class=\"wh-text-and-image-item-image lazyload\" style=\"background-image:inherit\" data-bg-image=\"url(https:\/\/investors.eurobatteryminerals.com\/wp-content\/uploads\/2023\/02\/210831_eurobat_FJL_002-4-1.jpeg)\"><\/div>\n                        <header class=\"wh-text-and-image-item-header\">\n                            <h2 class=\"wh-text-and-image-item-header-heading is-bold\">\n                                Corporate governance                            <\/h2>\n                            <p class=\"wh-text-and-image-item-header-text is-large\">\n                                Unser Ansatz zur Unternehmensf\u00fchrung ist die Einhaltung nationaler und internationaler Gesetze und Vorschriften. Wir handeln auch in \u00dcbereinstimmung mit den von unserem Managementteam festgelegten Unternehmenswerten. Wir \u00fcbernehmen Verantwortung f\u00fcr unsere Gesch\u00e4ftst\u00e4tigkeit und bieten unseren Stakeholdern volle Transparenz.                            <\/p>\n                                                            <a href=\"https:\/\/investors.eurobatteryminerals.com\/de\/corporate-governance\/\" class=\"wh-button is-primary\">\n                                    Mehr erfahren                                <\/a>\n                                                    <\/header>\n                    <\/div>\n                                    <div class=\"wh-text-and-image-item\">\n                        <div class=\"wh-text-and-image-item-image lazyload\" style=\"background-image:inherit\" data-bg-image=\"url(https:\/\/investors.eurobatteryminerals.com\/wp-content\/uploads\/2023\/02\/220920_eurobat_FJL_608-1.jpeg)\"><\/div>\n                        <header class=\"wh-text-and-image-item-header\">\n                            <h2 class=\"wh-text-and-image-item-header-heading is-bold\">\n                                Investor relations                            <\/h2>\n                            <p class=\"wh-text-and-image-item-header-text is-large\">\n                                Wir halten unsere Investoren und Stakeholder kontinuierlich \u00fcber unsere Gesch\u00e4ftst\u00e4tigkeit und Finanzen auf dem Laufenden. Unser Ziel ist es, durch transparente, vertrauensw\u00fcrdige und umfassende Informationen starke, langfristige Anlegerbeziehungen aufzubauen.                            <\/p>\n                                                            <a href=\"https:\/\/investors.eurobatteryminerals.com\/de\/investor-relations\/\" class=\"wh-button is-primary\">\n                                    Mehr erfahren                                <\/a>\n                                                    <\/header>\n                    <\/div>\n                                    <div class=\"wh-text-and-image-item\">\n                        <div class=\"wh-text-and-image-item-image lazyload\" style=\"background-image:inherit\" data-bg-image=\"url(https:\/\/investors.eurobatteryminerals.com\/wp-content\/uploads\/2023\/02\/210902_eurobat_FJL_185-1.jpeg)\"><\/div>\n                        <header class=\"wh-text-and-image-item-header\">\n                            <h2 class=\"wh-text-and-image-item-header-heading is-bold\">\n                                Nachhaltigkeit                            <\/h2>\n                            <p class=\"wh-text-and-image-item-header-text is-large\">\n                                Wir sch\u00fcrfen f\u00fcr eine gr\u00fcne, nachhaltige Zukunft. Nachhaltigkeit umfasst aber auch soziale und \u00f6konomische Aspekte. Das bedeutet f\u00fcr uns, Gesch\u00e4fte zu t\u00e4tigen und dabei Verantwortung f\u00fcr die Umwelt, unsere Mitarbeiter und die Anwohner der Abbaust\u00e4tten zu \u00fcbernehmen.                            <\/p>\n                                                            <a href=\"https:\/\/investors.eurobatteryminerals.com\/de\/nachhaltigkeit\/\" class=\"wh-button is-primary\">\n                                    Mehr erfahren                                <\/a>\n                                                    <\/header>\n                    <\/div>\n                            <\/div>\n        <\/div>\n    <\/div>\n","protected":false},"excerpt":{"rendered":"","protected":false},"author":1,"featured_media":0,"parent":0,"menu_order":0,"comment_status":"closed","ping_status":"closed","template":"","meta":{"_acf_changed":false,"inline_featured_image":false,"footnotes":""},"class_list":["post-3469","page","type-page","status-publish","hentry"],"acf":[],"yoast_head":"<!-- This site is optimized with the Yoast SEO plugin v25.4 - https:\/\/yoast.com\/wordpress\/plugins\/seo\/ -->\n<title>Ethisch gef\u00f6rderte, l\u00fcckenlos r\u00fcckverfolgbare Batteriemineralien | Eurobattery Minerals<\/title>\n<meta name=\"description\" content=\"Ethisch gef\u00f6rderte, l\u00fcckenlos r\u00fcckverfolgbare Mineralien f\u00fcr die elektrische Revolution\" \/>\n<meta name=\"robots\" content=\"index, follow, max-snippet:-1, max-image-preview:large, max-video-preview:-1\" \/>\n<link rel=\"canonical\" href=\"https:\/\/investors.eurobatteryminerals.com\/de\/\" \/>\n<meta property=\"og:locale\" content=\"de_DE\" \/>\n<meta property=\"og:type\" content=\"article\" \/>\n<meta property=\"og:title\" content=\"Ethisch gef\u00f6rderte, l\u00fcckenlos r\u00fcckverfolgbare Batteriemineralien\" \/>\n<meta property=\"og:description\" content=\"Ethisch gef\u00f6rderte, l\u00fcckenlos r\u00fcckverfolgbare Mineralien f\u00fcr die elektrische Revolution\" \/>\n<meta property=\"og:url\" content=\"https:\/\/investors.eurobatteryminerals.com\/de\/\" \/>\n<meta property=\"og:site_name\" content=\"Eurobattery Minerals Investor Relations\" \/>\n<meta property=\"article:modified_time\" content=\"2026-02-20T16:11:34+00:00\" \/>\n<meta property=\"og:image\" content=\"https:\/\/investors.eurobatteryminerals.com\/wp-content\/uploads\/2021\/01\/eurobattery-minerals.jpg\" \/>\n\t<meta property=\"og:image:width\" content=\"1600\" \/>\n\t<meta property=\"og:image:height\" content=\"1067\" \/>\n\t<meta property=\"og:image:type\" content=\"image\/jpeg\" \/>\n<meta name=\"twitter:card\" content=\"summary_large_image\" \/>\n<meta name=\"twitter:title\" content=\"Ethisch gef\u00f6rderte, l\u00fcckenlos r\u00fcckverfolgbare Batteriemineralien\" \/>\n<meta name=\"twitter:description\" content=\"Ethisch gef\u00f6rderte, l\u00fcckenlos r\u00fcckverfolgbare Mineralien f\u00fcr die elektrische Revolution\" \/>\n<meta name=\"twitter:image\" content=\"https:\/\/investors.eurobatteryminerals.com\/wp-content\/uploads\/2021\/01\/eurobattery-minerals.jpg\" \/>\n<meta name=\"twitter:site\" content=\"@eurobatterymin\" \/>\n<script type=\"application\/ld+json\" class=\"yoast-schema-graph\">{\"@context\":\"https:\/\/schema.org\",\"@graph\":[{\"@type\":\"WebPage\",\"@id\":\"https:\/\/investors.eurobatteryminerals.com\/de\/\",\"url\":\"https:\/\/investors.eurobatteryminerals.com\/de\/\",\"name\":\"Ethisch gef\u00f6rderte, l\u00fcckenlos r\u00fcckverfolgbare Batteriemineralien | Eurobattery Minerals\",\"isPartOf\":{\"@id\":\"https:\/\/investors.eurobatteryminerals.com\/#website\"},\"datePublished\":\"2020-12-16T14:43:14+00:00\",\"dateModified\":\"2026-02-20T16:11:34+00:00\",\"description\":\"Ethisch gef\u00f6rderte, l\u00fcckenlos r\u00fcckverfolgbare Mineralien f\u00fcr die elektrische Revolution\",\"breadcrumb\":{\"@id\":\"https:\/\/investors.eurobatteryminerals.com\/de\/#breadcrumb\"},\"inLanguage\":\"de-DE\",\"potentialAction\":[{\"@type\":\"ReadAction\",\"target\":[\"https:\/\/investors.eurobatteryminerals.com\/de\/\"]}]},{\"@type\":\"BreadcrumbList\",\"@id\":\"https:\/\/investors.eurobatteryminerals.com\/de\/#breadcrumb\",\"itemListElement\":[{\"@type\":\"ListItem\",\"position\":1,\"name\":\"Hem\",\"item\":\"https:\/\/investors.eurobatteryminerals.com\/de\/\"},{\"@type\":\"ListItem\",\"position\":2,\"name\":\"Startsida\"}]},{\"@type\":\"WebSite\",\"@id\":\"https:\/\/investors.eurobatteryminerals.com\/#website\",\"url\":\"https:\/\/investors.eurobatteryminerals.com\/\",\"name\":\"Eurobattery Minerals Investor Relations\",\"description\":\"Ethical and fully traceable minerals for the electric revolution\",\"publisher\":{\"@id\":\"https:\/\/investors.eurobatteryminerals.com\/#organization\"},\"potentialAction\":[{\"@type\":\"SearchAction\",\"target\":{\"@type\":\"EntryPoint\",\"urlTemplate\":\"https:\/\/investors.eurobatteryminerals.com\/?s={search_term_string}\"},\"query-input\":{\"@type\":\"PropertyValueSpecification\",\"valueRequired\":true,\"valueName\":\"search_term_string\"}}],\"inLanguage\":\"de-DE\"},{\"@type\":\"Organization\",\"@id\":\"https:\/\/investors.eurobatteryminerals.com\/#organization\",\"name\":\"Eurobattery Minerals\",\"url\":\"https:\/\/investors.eurobatteryminerals.com\/\",\"logo\":{\"@type\":\"ImageObject\",\"inLanguage\":\"de-DE\",\"@id\":\"https:\/\/investors.eurobatteryminerals.com\/#\/schema\/logo\/image\/\",\"url\":\"https:\/\/investors.eurobatteryminerals.com\/wp-content\/uploads\/2020\/08\/logo-black.svg\",\"contentUrl\":\"https:\/\/investors.eurobatteryminerals.com\/wp-content\/uploads\/2020\/08\/logo-black.svg\",\"width\":389,\"height\":256,\"caption\":\"Eurobattery Minerals\"},\"image\":{\"@id\":\"https:\/\/investors.eurobatteryminerals.com\/#\/schema\/logo\/image\/\"},\"sameAs\":[\"https:\/\/x.com\/eurobatterymin\",\"https:\/\/www.linkedin.com\/company\/eurobattery-minerals-ab\/\",\"https:\/\/www.youtube.com\/channel\/UCEmRhpqQHcb6v758leWyWYQ\"]}]}<\/script>\n<!-- \/ Yoast SEO plugin. -->","yoast_head_json":{"title":"Ethisch gef\u00f6rderte, l\u00fcckenlos r\u00fcckverfolgbare Batteriemineralien | Eurobattery Minerals","description":"Ethisch gef\u00f6rderte, l\u00fcckenlos r\u00fcckverfolgbare Mineralien f\u00fcr die elektrische Revolution","robots":{"index":"index","follow":"follow","max-snippet":"max-snippet:-1","max-image-preview":"max-image-preview:large","max-video-preview":"max-video-preview:-1"},"canonical":"https:\/\/investors.eurobatteryminerals.com\/de\/","og_locale":"de_DE","og_type":"article","og_title":"Ethisch gef\u00f6rderte, l\u00fcckenlos r\u00fcckverfolgbare Batteriemineralien","og_description":"Ethisch gef\u00f6rderte, l\u00fcckenlos r\u00fcckverfolgbare Mineralien f\u00fcr die elektrische Revolution","og_url":"https:\/\/investors.eurobatteryminerals.com\/de\/","og_site_name":"Eurobattery Minerals Investor Relations","article_modified_time":"2026-02-20T16:11:34+00:00","og_image":[{"width":1600,"height":1067,"url":"https:\/\/investors.eurobatteryminerals.com\/wp-content\/uploads\/2021\/01\/eurobattery-minerals.jpg","type":"image\/jpeg"}],"twitter_card":"summary_large_image","twitter_title":"Ethisch gef\u00f6rderte, l\u00fcckenlos r\u00fcckverfolgbare Batteriemineralien","twitter_description":"Ethisch gef\u00f6rderte, l\u00fcckenlos r\u00fcckverfolgbare Mineralien f\u00fcr die elektrische Revolution","twitter_image":"https:\/\/investors.eurobatteryminerals.com\/wp-content\/uploads\/2021\/01\/eurobattery-minerals.jpg","twitter_site":"@eurobatterymin","schema":{"@context":"https:\/\/schema.org","@graph":[{"@type":"WebPage","@id":"https:\/\/investors.eurobatteryminerals.com\/de\/","url":"https:\/\/investors.eurobatteryminerals.com\/de\/","name":"Ethisch gef\u00f6rderte, l\u00fcckenlos r\u00fcckverfolgbare Batteriemineralien | Eurobattery Minerals","isPartOf":{"@id":"https:\/\/investors.eurobatteryminerals.com\/#website"},"datePublished":"2020-12-16T14:43:14+00:00","dateModified":"2026-02-20T16:11:34+00:00","description":"Ethisch gef\u00f6rderte, l\u00fcckenlos r\u00fcckverfolgbare Mineralien f\u00fcr die elektrische Revolution","breadcrumb":{"@id":"https:\/\/investors.eurobatteryminerals.com\/de\/#breadcrumb"},"inLanguage":"de-DE","potentialAction":[{"@type":"ReadAction","target":["https:\/\/investors.eurobatteryminerals.com\/de\/"]}]},{"@type":"BreadcrumbList","@id":"https:\/\/investors.eurobatteryminerals.com\/de\/#breadcrumb","itemListElement":[{"@type":"ListItem","position":1,"name":"Hem","item":"https:\/\/investors.eurobatteryminerals.com\/de\/"},{"@type":"ListItem","position":2,"name":"Startsida"}]},{"@type":"WebSite","@id":"https:\/\/investors.eurobatteryminerals.com\/#website","url":"https:\/\/investors.eurobatteryminerals.com\/","name":"Eurobattery Minerals Investor Relations","description":"Ethical and fully traceable minerals for the electric revolution","publisher":{"@id":"https:\/\/investors.eurobatteryminerals.com\/#organization"},"potentialAction":[{"@type":"SearchAction","target":{"@type":"EntryPoint","urlTemplate":"https:\/\/investors.eurobatteryminerals.com\/?s={search_term_string}"},"query-input":{"@type":"PropertyValueSpecification","valueRequired":true,"valueName":"search_term_string"}}],"inLanguage":"de-DE"},{"@type":"Organization","@id":"https:\/\/investors.eurobatteryminerals.com\/#organization","name":"Eurobattery Minerals","url":"https:\/\/investors.eurobatteryminerals.com\/","logo":{"@type":"ImageObject","inLanguage":"de-DE","@id":"https:\/\/investors.eurobatteryminerals.com\/#\/schema\/logo\/image\/","url":"https:\/\/investors.eurobatteryminerals.com\/wp-content\/uploads\/2020\/08\/logo-black.svg","contentUrl":"https:\/\/investors.eurobatteryminerals.com\/wp-content\/uploads\/2020\/08\/logo-black.svg","width":389,"height":256,"caption":"Eurobattery Minerals"},"image":{"@id":"https:\/\/investors.eurobatteryminerals.com\/#\/schema\/logo\/image\/"},"sameAs":["https:\/\/x.com\/eurobatterymin","https:\/\/www.linkedin.com\/company\/eurobattery-minerals-ab\/","https:\/\/www.youtube.com\/channel\/UCEmRhpqQHcb6v758leWyWYQ"]}]}},"_links":{"self":[{"href":"https:\/\/investors.eurobatteryminerals.com\/de\/wp-json\/wp\/v2\/pages\/3469","targetHints":{"allow":["GET"]}}],"collection":[{"href":"https:\/\/investors.eurobatteryminerals.com\/de\/wp-json\/wp\/v2\/pages"}],"about":[{"href":"https:\/\/investors.eurobatteryminerals.com\/de\/wp-json\/wp\/v2\/types\/page"}],"author":[{"embeddable":true,"href":"https:\/\/investors.eurobatteryminerals.com\/de\/wp-json\/wp\/v2\/users\/1"}],"replies":[{"embeddable":true,"href":"https:\/\/investors.eurobatteryminerals.com\/de\/wp-json\/wp\/v2\/comments?post=3469"}],"version-history":[{"count":39,"href":"https:\/\/investors.eurobatteryminerals.com\/de\/wp-json\/wp\/v2\/pages\/3469\/revisions"}],"predecessor-version":[{"id":8168,"href":"https:\/\/investors.eurobatteryminerals.com\/de\/wp-json\/wp\/v2\/pages\/3469\/revisions\/8168"}],"wp:attachment":[{"href":"https:\/\/investors.eurobatteryminerals.com\/de\/wp-json\/wp\/v2\/media?parent=3469"}],"curies":[{"name":"wp","href":"https:\/\/api.w.org\/{rel}","templated":true}]}}