{"id":3471,"date":"2020-12-16T15:44:14","date_gmt":"2020-12-16T14:44:14","guid":{"rendered":"https:\/\/investors.eurobatteryminerals.com\/\/?page_id=3471"},"modified":"2024-08-27T10:47:19","modified_gmt":"2024-08-27T08:47:19","slug":"satzung","status":"publish","type":"page","link":"https:\/\/investors.eurobatteryminerals.com\/de\/satzung\/","title":{"rendered":"Gesellschaftsvertrag"},"content":{"rendered":"\n<div class=\"wh-hero lazyload\" style=\"background-image:inherit; background-position: center center;\" data-bg-image=\"url(&#039;https:\/\/investors.eurobatteryminerals.com\/wp-content\/uploads\/2019\/07\/charging-phone.jpg&#039;)\">\n    <header class=\"wh-hero-inner\">\n        <h1 class=\"wh-hero-heading is-hero\">\n            Gesellschaftsvertrag        <\/h1>\n    <\/header>\n<\/div>\n\n\n<div class=\"wh-grid\">\n    <div class=\"wh-lead-text\">\n        <div class=\"wh-lead-text-inner\">\n            <div class=\"wh-lead-text-section\">\n                <h2 class=\"wh-lead-text-heading\">\n                                            \u00a71 NAHME DES UNTERNEHMENS\n                                    <\/h2>\n\n                <p class=\"wh-lead-text-item\">\n                                            Der Name des Unternehmens ist Eurobattery Minerals AB (publ). Das Unternehmen ist \u00f6ffentlich (publ).\n                                    <\/p>\n            <\/div>\n\n            <div class=\"wh-lead-text-section\">\n                <h2 class=\"wh-lead-text-heading\">\n                                            \u00a72 GESCH\u00c4FTSSITZ\n                                    <\/h2>\n\n                <p class=\"wh-lead-text-item\">\n                                            Der Gesch\u00e4ftssitz des Aufsichtsrats ist Stockholm, Schweden.\n                                    <\/p>\n            <\/div>\n\n            <div class=\"wh-lead-text-section\">\n                <h2 class=\"wh-lead-text-heading\">\n                                            \u00a73 GESCH\u00c4FTST\u00c4TIGKEITEN\n                                    <\/h2>\n\n                <p class=\"wh-lead-text-item\">\n                                            Die Hauptgesch\u00e4ftst\u00e4tigkeit des Unternehmens besteht in der Nutzung geologischer Ressourcen mit besonderem Schwerpunkt auf Erzen, Mineralen und Kohlenwasserstoffen. Dar\u00fcber hinaus kann das Unternehmen auch mit Konzessionen und Rechten im Rohstoffsektor handeln und mit Finanzinstrumenten wie Aktien und damit verbundenen Wertpapieren, Anleihen und W\u00e4hrungen, Immobilien und damit verbundenen Gesch\u00e4ftsaktivit\u00e4ten.\n                                    <\/p>\n            <\/div>\n\n            <div class=\"wh-lead-text-section\">\n                <h2 class=\"wh-lead-text-heading\">\n                                            \u00a74 AKTIENKAPITAL\n                                    <\/h2>\n\n                <p class=\"wh-lead-text-item\">\n                                            Das Aktienkapital darf nicht weniger als SEK\u00a040.000.000 und nicht mehr als SEK\u00a0160.000.000 betragen.\n                                    <\/p>\n            <\/div>\n\n            <div class=\"wh-lead-text-section\">\n                <h2 class=\"wh-lead-text-heading\">\n                                            \u00a75 AKTIENANZAHL\n                                    <\/h2>\n\n                <p class=\"wh-lead-text-item\">\n                                            Die Anzahl der Aktien darf nicht weniger als 100.000.000 und nicht mehr als 400.000.000 betragen.\n                                    <\/p>\n            <\/div>\n\n            <div class=\"wh-lead-text-section\">\n                <h2 class=\"wh-lead-text-heading\">\n                                            \u00a76 AUFSICHTSRAT UND WIRTSCHAFTSPR\u00dcFER\n                                    <\/h2>\n\n                <p class=\"wh-lead-text-item\">\n                                            Der Aufsichtsrat besteht aus drei bis f\u00fcnf Mitgliedern und nicht mehr als zwei Stellvertretern. Der Aufsichtsrat wird j\u00e4hrlich auf der Jahreshauptversammlung f\u00fcr den Zeitraum bis zum Ende der n\u00e4chsten Jahreshauptversammlung gew\u00e4hlt. \n                        <br><br>\n                        Ein oder zwei Wirtschaftspr\u00fcfer mit oder ohne Stellvertreter werden auf der Jahreshauptversammlung f\u00fcr den Zeitraum bis zum Ende der n\u00e4chsten Jahreshauptversammlung des vierten Gesch\u00e4ftsjahres nach deren Wahl gew\u00e4hlt.\n                                    <\/p>\n            <\/div>\n\n            <div class=\"wh-lead-text-section\">\n                <h2 class=\"wh-lead-text-heading\">\n                                            \u00a77 EINLADUNG ZUR TEILNAHME\n                                    <\/h2>\n\n                <p class=\"wh-lead-text-item\">\n                                            Die Einladung zur Teilnahme an der Jahreshauptversammlung muss im schwedischen Amtsblatt (Post och Inrikes Tidningar) und auf der Webseite des Unternehmens ver\u00f6ffentlicht werden. In Verbindung mit der Einladung zur Teilnahme m\u00fcssen Informationen \u00fcber die Einladung in den schwedischen Tageszeitungen Dagens Industri ver\u00f6ffentlicht werden.\n                        <br><br>\n                        Die Einladung zur Teilnahme an der Jahreshauptversammlung darf nicht fr\u00fcher als sechs Wochen oder sp\u00e4ter als vier Wochen vor der Jahreshauptversammlung erfolgen, und im Falle einer au\u00dferordentlichen Hauptversammlung, bei der keine \u00c4nderungen der Satzung behandelt werden, fr\u00fchestens sechs und sp\u00e4testens zwei Wochen vor der Versammlung.\n                                    <\/p>\n            <\/div>\n\n            <div class=\"wh-lead-text-section\">\n                <h2 class=\"wh-lead-text-heading\">\n                                            \u00a78 AKTION\u00c4RSVERSAMMLUNG\n                                    <\/h2>\n\n                <p class=\"wh-lead-text-item\">\n                                            Die Aktion\u00e4rsversammlungen k\u00f6nnen in Stockholm, Malm\u00f6 oder G\u00f6teborg abgehalten werden, auch wenn das Unternehmen an anderer Stelle registriert ist.\n                        <br><br>\n                        Der Aufsichtsrat kann beschlie\u00dfen, dass die Hauptversammlung digital abgehalten wird.\n                        <br><br>\n                        Die Jahreshauptversammlung wird j\u00e4hrlich innerhalb von sechs Monaten vor Ende des Gesch\u00e4ftsjahres abgehalten. Auf jeder Jahreshauptversammlung m\u00fcssen folgende Punkte behandelt werden:\n                                    <\/p>\n\n                <ol class=\"wh-lead-text-list\">\n                    <li class=\"wh-lead-text-list-item\">\n                                                    Wahl des Vorsitzenden der Hauptversammlung.\n                                            <\/li>\n\n                    <li class=\"wh-lead-text-list-item\">\n                                                    Erstellung und Genehmigung der Abstimmungsliste.\n                                            <\/li>\n\n                    <li class=\"wh-lead-text-list-item\">\n                                                    Genehmigung der Tagesordnung.\n                                            <\/li>\n\n                    <li class=\"wh-lead-text-list-item\">\n                                                    Wahl von einem oder zwei Unterzeichnern des Protokolls.\n                                            <\/li>\n\n                    <li class=\"wh-lead-text-list-item\">\n                                                    Feststellung, ob die Versammlung ordnungsgem\u00e4\u00df einberufen wurde.\n                                            <\/li>\n\n                    <li class=\"wh-lead-text-list-item\">\n                                                    Vorlage des Gesch\u00e4ftsberichts und des Pr\u00fcfungsberichts sowie gegebenenfalls des Konzernabschlusses und des Konzernpr\u00fcfungsberichts.\n                                            <\/li>\n\n                    <li class=\"wh-lead-text-list-item\">\n                                                    Beschl\u00fcsse \u00fcber\n                        \n                        <ol class=\"wh-lead-text-list\">\n                            <li class=\"wh-lead-text-list-item\">\n                                                                    die Annahme der Gewinn- und Verlustrechnung und der Bilanz sowie gegebenenfalls der konsolidierten Gewinn- und Verlustrechnung und der konsolidierten Konzernbilanz\n                                                            <\/li>\n                            <li class=\"wh-lead-text-list-item\">\n                                                                    die Aufteilung des Gewinns oder Verlusts des Unternehmens gem\u00e4\u00df der angenommenen Bilanz\n                                                            <\/li>\n                            <li class=\"wh-lead-text-list-item\">\n                                                                    in Bezug auf die Haftungsfreistellung der Vorstandsmitglieder und des Gesch\u00e4ftsf\u00fchrers\n                                                            <\/li>\n                        <\/ol>\n                    <\/li>\n\n                    <li class=\"wh-lead-text-list-item\">\n                                                    Genehmigung der Honorare f\u00fcr Aufsichtsrat und Wirtschaftspr\u00fcfer.\n                                            <\/li>\n\n                    <li class=\"wh-lead-text-list-item\">\n                                                    Wahl des Verwaltungsrats und gegebenenfalls der Rechnungspr\u00fcfer und etwaiger stellvertretender Rechnungspr\u00fcfer.\n                                            <\/li>\n\n                    <li class=\"wh-lead-text-list-item\">\n                                                    Wahl des Aufsichtsrats und gegebenenfalls der Wirtschaftspr\u00fcfer und etwaiger Stellvertreter.\n                                            <\/li>\n                <\/ol>\n\n                <p class=\"wh-lead-text-item\">\n                                            Jede stimmberechtigte Person auf der Jahreshauptversammlung kann \u00fcber die volle Anzahl der Aktien ohne Beschr\u00e4nkung auf die Anzahl der Stimmen abstimmen.\n                                    <\/p>\n            <\/div>\n\n            <div class=\"wh-lead-text-section\">\n                <h2 class=\"wh-lead-text-heading\">\n                                            \u00a79 GESCH\u00c4FTSJAHR\n                                    <\/h2>\n\n                <p class=\"wh-lead-text-item\">\n                                            Das Gesch\u00e4ftsjahr l\u00e4uft vom 01.01. bis zum 31.12.\n                                    <\/p>\n            <\/div>\n\n            <div class=\"wh-lead-text-section\">\n                <h2 class=\"wh-lead-text-heading\">\n                                            \u00a710 TEILNAHME AN HAUPTVERSAMMLUNGEN\n                                    <\/h2>\n\n                <p class=\"wh-lead-text-item\">\n                                            Um an den Hauptversammlungen teilnehmen zu k\u00f6nnen, m\u00fcssen sich die Aktion\u00e4re bis sp\u00e4testens 16.00 Uhr des in der Einberufung genannten Tages bei der Gesellschaft anmelden und die Anzahl der Bevollm\u00e4chtigten angeben. Dieses Datum darf nicht auf einen Sonntag, einen anderen Feiertag, Samstag, Mittsommerabend, Heiligabend oder Silvester fallen und darf nicht fr\u00fcher als f\u00fcnf Arbeitstage vor dem Treffen liegen. Vertreter m\u00fcssen nicht die Anzahl der Bevollm\u00e4chtigten registrieren. Es d\u00fcrfen nicht mehr als zwei Bevollm\u00e4chtigte sein.\n                                    <\/p>\n            <\/div>\n\n            <div class=\"wh-lead-text-section\">\n                <h2 class=\"wh-lead-text-heading\">\n                                            \u00a711 BESTIMMUNG DES NACHWEISSTICHTAGS (RECORD DAY)\n                                    <\/h2>\n\n                <p class=\"wh-lead-text-item\">\n                                            Aktion\u00e4re oder Anteilseignervertreter, die am Record Day im Aktienbuch eingetragen sind und gem\u00e4\u00df den Bestimmungen von Kapitel 4 des schwedischen Gesetzes \u00fcber die Rechnungslegung von Finanzinstrumenten (1998: 1479) in einem Hauptbuch oder in einem Rekord-Konto vermerkt sind, sind unter den Bestimmungen des Kapitel 4 Absatz 18 Unterabs\u00e4tze 6\u20138 des genannten Gesetzes zur Aus\u00fcbung der Rechte gem\u00e4\u00df Kapitel 4 Absatz 39 des schwedischen Unternehmensgesetzes (2005: 551) berechtigt.\n                                    <\/p>\n            <\/div>\n        <\/div>\n    <\/div>\n<\/div>\n\n\n<!--<div class=\"wh-grid\">\n    <div class=\"wh-cards\">\n        <header class=\"wh-cards-header\">\n            <h3 class=\"wh-cards-header-heading is-black\">\n                                    Das k\u00f6nnte Sie auch interessieren\n                            <\/h3>\n        <\/header>\n\n        <div class=\"wh-cards-items\">\n\n            <a href=\"\/de\/vision-und-strategie\/\" class=\"wh-cards-item\">\n        <div class=\"wh-cards-item-content\">\n            <div class=\"wh-cards-item-content-image\">\n                <div class=\"wh-cards-item-content-image-item is-who-we-are\"><\/div>\n            <\/div>\n\n            <h6 class=\"wh-cards-item-content-label\">\n                \u00dcber uns\n            <\/h6>\n\n            <h4 class=\"wh-cards-item-content-heading\">\n                Vision &amp; Strategie\n            <\/h4>\n        <\/div>\n    <\/a>\n            <a href=\"\/de\/geschaftsmodell\/\" class=\"wh-cards-item\">\n        <div class=\"wh-cards-item-content\">\n            <div class=\"wh-cards-item-content-image\">\n                <div class=\"wh-cards-item-content-image-item is-what-we-do\"><\/div>\n            <\/div>\n\n            <h6 class=\"wh-cards-item-content-label\">\n                \u00dcber uns\n            <\/h6>\n\n            <h4 class=\"wh-cards-item-content-heading\">\n                Gesch\u00e4ftsmodell\n            <\/h4>\n        <\/div>\n    <\/a>\n            <a href=\"\/de\/elektrische-revolution\/\" class=\"wh-cards-item\">\n        <div class=\"wh-cards-item-content\">\n            <div class=\"wh-cards-item-content-image\">\n                <div class=\"wh-cards-item-content-image-item is-electric-revolution\"><\/div>\n            <\/div>\n\n            <h6 class=\"wh-cards-item-content-label\">\n                \u00dcber uns\n            <\/h6>\n\n            <h4 class=\"wh-cards-item-content-heading\">\n                Elektrische Revolution\n            <\/h4>\n        <\/div>\n    <\/a>\n        <\/div>\n    <\/div>\n<\/div>-->\n","protected":false},"excerpt":{"rendered":"","protected":false},"author":1,"featured_media":0,"parent":0,"menu_order":0,"comment_status":"closed","ping_status":"closed","template":"","meta":{"_acf_changed":false,"inline_featured_image":false,"footnotes":""},"class_list":["post-3471","page","type-page","status-publish","hentry"],"acf":[],"yoast_head":"<!-- This site is optimized with the Yoast SEO plugin v25.4 - https:\/\/yoast.com\/wordpress\/plugins\/seo\/ -->\n<title>Gesellschaftsvertrag | Eurobattery Minerals Investor Relations<\/title>\n<meta name=\"description\" content=\"Ethical and fully traceable minerals for the electric revolution\" \/>\n<meta name=\"robots\" content=\"index, follow, max-snippet:-1, max-image-preview:large, max-video-preview:-1\" \/>\n<link rel=\"canonical\" href=\"https:\/\/investors.eurobatteryminerals.com\/bolagsordning\/\" \/>\n<meta property=\"og:locale\" content=\"de_DE\" \/>\n<meta property=\"og:type\" content=\"article\" \/>\n<meta property=\"og:title\" content=\"Gesellschaftsvertrag | Eurobattery Minerals Investor Relations\" \/>\n<meta property=\"og:description\" content=\"Ethical and fully traceable minerals for the electric revolution\" \/>\n<meta property=\"og:url\" content=\"https:\/\/investors.eurobatteryminerals.com\/bolagsordning\/\" \/>\n<meta property=\"og:site_name\" content=\"Eurobattery Minerals Investor Relations\" \/>\n<meta property=\"article:modified_time\" content=\"2024-08-27T08:47:19+00:00\" \/>\n<meta property=\"og:image\" content=\"https:\/\/investors.eurobatteryminerals.com\/wp-content\/uploads\/2019\/09\/eurobattery-minerals-og.jpg\" \/>\n\t<meta property=\"og:image:width\" content=\"1920\" \/>\n\t<meta property=\"og:image:height\" content=\"1080\" \/>\n\t<meta property=\"og:image:type\" content=\"image\/jpeg\" \/>\n<meta name=\"twitter:card\" content=\"summary_large_image\" \/>\n<meta name=\"twitter:site\" content=\"@eurobatterymin\" \/>\n<script type=\"application\/ld+json\" class=\"yoast-schema-graph\">{\"@context\":\"https:\/\/schema.org\",\"@graph\":[{\"@type\":\"WebPage\",\"@id\":\"https:\/\/investors.eurobatteryminerals.com\/bolagsordning\/\",\"url\":\"https:\/\/investors.eurobatteryminerals.com\/bolagsordning\/\",\"name\":\"Gesellschaftsvertrag | Eurobattery Minerals Investor Relations\",\"isPartOf\":{\"@id\":\"https:\/\/investors.eurobatteryminerals.com\/#website\"},\"datePublished\":\"2020-12-16T14:44:14+00:00\",\"dateModified\":\"2024-08-27T08:47:19+00:00\",\"description\":\"Ethical and fully traceable minerals for the electric revolution\",\"breadcrumb\":{\"@id\":\"https:\/\/investors.eurobatteryminerals.com\/bolagsordning\/#breadcrumb\"},\"inLanguage\":\"de-DE\",\"potentialAction\":[{\"@type\":\"ReadAction\",\"target\":[\"https:\/\/investors.eurobatteryminerals.com\/bolagsordning\/\"]}]},{\"@type\":\"BreadcrumbList\",\"@id\":\"https:\/\/investors.eurobatteryminerals.com\/bolagsordning\/#breadcrumb\",\"itemListElement\":[{\"@type\":\"ListItem\",\"position\":1,\"name\":\"Hem\",\"item\":\"https:\/\/investors.eurobatteryminerals.com\/de\/\"},{\"@type\":\"ListItem\",\"position\":2,\"name\":\"Gesellschaftsvertrag\"}]},{\"@type\":\"WebSite\",\"@id\":\"https:\/\/investors.eurobatteryminerals.com\/#website\",\"url\":\"https:\/\/investors.eurobatteryminerals.com\/\",\"name\":\"Eurobattery Minerals Investor Relations\",\"description\":\"Ethical and fully traceable minerals for the electric revolution\",\"publisher\":{\"@id\":\"https:\/\/investors.eurobatteryminerals.com\/#organization\"},\"potentialAction\":[{\"@type\":\"SearchAction\",\"target\":{\"@type\":\"EntryPoint\",\"urlTemplate\":\"https:\/\/investors.eurobatteryminerals.com\/?s={search_term_string}\"},\"query-input\":{\"@type\":\"PropertyValueSpecification\",\"valueRequired\":true,\"valueName\":\"search_term_string\"}}],\"inLanguage\":\"de-DE\"},{\"@type\":\"Organization\",\"@id\":\"https:\/\/investors.eurobatteryminerals.com\/#organization\",\"name\":\"Eurobattery Minerals\",\"url\":\"https:\/\/investors.eurobatteryminerals.com\/\",\"logo\":{\"@type\":\"ImageObject\",\"inLanguage\":\"de-DE\",\"@id\":\"https:\/\/investors.eurobatteryminerals.com\/#\/schema\/logo\/image\/\",\"url\":\"https:\/\/investors.eurobatteryminerals.com\/wp-content\/uploads\/2020\/08\/logo-black.svg\",\"contentUrl\":\"https:\/\/investors.eurobatteryminerals.com\/wp-content\/uploads\/2020\/08\/logo-black.svg\",\"width\":389,\"height\":256,\"caption\":\"Eurobattery Minerals\"},\"image\":{\"@id\":\"https:\/\/investors.eurobatteryminerals.com\/#\/schema\/logo\/image\/\"},\"sameAs\":[\"https:\/\/x.com\/eurobatterymin\",\"https:\/\/www.linkedin.com\/company\/eurobattery-minerals-ab\/\",\"https:\/\/www.youtube.com\/channel\/UCEmRhpqQHcb6v758leWyWYQ\"]}]}<\/script>\n<!-- \/ Yoast SEO plugin. -->","yoast_head_json":{"title":"Gesellschaftsvertrag | Eurobattery Minerals Investor Relations","description":"Ethical and fully traceable minerals for the electric revolution","robots":{"index":"index","follow":"follow","max-snippet":"max-snippet:-1","max-image-preview":"max-image-preview:large","max-video-preview":"max-video-preview:-1"},"canonical":"https:\/\/investors.eurobatteryminerals.com\/bolagsordning\/","og_locale":"de_DE","og_type":"article","og_title":"Gesellschaftsvertrag | Eurobattery Minerals Investor Relations","og_description":"Ethical and fully traceable minerals for the electric revolution","og_url":"https:\/\/investors.eurobatteryminerals.com\/bolagsordning\/","og_site_name":"Eurobattery Minerals Investor Relations","article_modified_time":"2024-08-27T08:47:19+00:00","og_image":[{"width":1920,"height":1080,"url":"https:\/\/investors.eurobatteryminerals.com\/wp-content\/uploads\/2019\/09\/eurobattery-minerals-og.jpg","type":"image\/jpeg"}],"twitter_card":"summary_large_image","twitter_site":"@eurobatterymin","schema":{"@context":"https:\/\/schema.org","@graph":[{"@type":"WebPage","@id":"https:\/\/investors.eurobatteryminerals.com\/bolagsordning\/","url":"https:\/\/investors.eurobatteryminerals.com\/bolagsordning\/","name":"Gesellschaftsvertrag | Eurobattery Minerals Investor Relations","isPartOf":{"@id":"https:\/\/investors.eurobatteryminerals.com\/#website"},"datePublished":"2020-12-16T14:44:14+00:00","dateModified":"2024-08-27T08:47:19+00:00","description":"Ethical and fully traceable minerals for the electric revolution","breadcrumb":{"@id":"https:\/\/investors.eurobatteryminerals.com\/bolagsordning\/#breadcrumb"},"inLanguage":"de-DE","potentialAction":[{"@type":"ReadAction","target":["https:\/\/investors.eurobatteryminerals.com\/bolagsordning\/"]}]},{"@type":"BreadcrumbList","@id":"https:\/\/investors.eurobatteryminerals.com\/bolagsordning\/#breadcrumb","itemListElement":[{"@type":"ListItem","position":1,"name":"Hem","item":"https:\/\/investors.eurobatteryminerals.com\/de\/"},{"@type":"ListItem","position":2,"name":"Gesellschaftsvertrag"}]},{"@type":"WebSite","@id":"https:\/\/investors.eurobatteryminerals.com\/#website","url":"https:\/\/investors.eurobatteryminerals.com\/","name":"Eurobattery Minerals Investor Relations","description":"Ethical and fully traceable minerals for the electric revolution","publisher":{"@id":"https:\/\/investors.eurobatteryminerals.com\/#organization"},"potentialAction":[{"@type":"SearchAction","target":{"@type":"EntryPoint","urlTemplate":"https:\/\/investors.eurobatteryminerals.com\/?s={search_term_string}"},"query-input":{"@type":"PropertyValueSpecification","valueRequired":true,"valueName":"search_term_string"}}],"inLanguage":"de-DE"},{"@type":"Organization","@id":"https:\/\/investors.eurobatteryminerals.com\/#organization","name":"Eurobattery Minerals","url":"https:\/\/investors.eurobatteryminerals.com\/","logo":{"@type":"ImageObject","inLanguage":"de-DE","@id":"https:\/\/investors.eurobatteryminerals.com\/#\/schema\/logo\/image\/","url":"https:\/\/investors.eurobatteryminerals.com\/wp-content\/uploads\/2020\/08\/logo-black.svg","contentUrl":"https:\/\/investors.eurobatteryminerals.com\/wp-content\/uploads\/2020\/08\/logo-black.svg","width":389,"height":256,"caption":"Eurobattery Minerals"},"image":{"@id":"https:\/\/investors.eurobatteryminerals.com\/#\/schema\/logo\/image\/"},"sameAs":["https:\/\/x.com\/eurobatterymin","https:\/\/www.linkedin.com\/company\/eurobattery-minerals-ab\/","https:\/\/www.youtube.com\/channel\/UCEmRhpqQHcb6v758leWyWYQ"]}]}},"_links":{"self":[{"href":"https:\/\/investors.eurobatteryminerals.com\/de\/wp-json\/wp\/v2\/pages\/3471","targetHints":{"allow":["GET"]}}],"collection":[{"href":"https:\/\/investors.eurobatteryminerals.com\/de\/wp-json\/wp\/v2\/pages"}],"about":[{"href":"https:\/\/investors.eurobatteryminerals.com\/de\/wp-json\/wp\/v2\/types\/page"}],"author":[{"embeddable":true,"href":"https:\/\/investors.eurobatteryminerals.com\/de\/wp-json\/wp\/v2\/users\/1"}],"replies":[{"embeddable":true,"href":"https:\/\/investors.eurobatteryminerals.com\/de\/wp-json\/wp\/v2\/comments?post=3471"}],"version-history":[{"count":1,"href":"https:\/\/investors.eurobatteryminerals.com\/de\/wp-json\/wp\/v2\/pages\/3471\/revisions"}],"predecessor-version":[{"id":6991,"href":"https:\/\/investors.eurobatteryminerals.com\/de\/wp-json\/wp\/v2\/pages\/3471\/revisions\/6991"}],"wp:attachment":[{"href":"https:\/\/investors.eurobatteryminerals.com\/de\/wp-json\/wp\/v2\/media?parent=3471"}],"curies":[{"name":"wp","href":"https:\/\/api.w.org\/{rel}","templated":true}]}}