{"id":3931,"date":"2020-12-21T13:48:52","date_gmt":"2020-12-21T12:48:52","guid":{"rendered":"https:\/\/investors.eurobatteryminerals.com\/?page_id=3931"},"modified":"2025-12-02T15:20:37","modified_gmt":"2025-12-02T14:20:37","slug":"management","status":"publish","type":"page","link":"https:\/\/investors.eurobatteryminerals.com\/de\/management\/","title":{"rendered":"Management"},"content":{"rendered":"\n<div class=\"wh-grid\">\n    <div class=\"wh-hero-clean\">\n        <header class=\"wh-hero-clean-header\">\n            <h1 class=\"wh-hero-clean-header-heading is-statement is-bold is-black\">\n                                    Management\n                            <\/h1>\n\n            <p class=\"wh-hero-clean-header-text is-lead\">\n                                    Eurobattery Minerals ist ein schwedisches Bergbauunternehmen mit Hauptsitz in Stockholm. Das Unternehmen hat zwei laufende Bergbauprojekte mit Teams vor Ort. Im Folgenden finden Sie das Team von Eurobattery Minerals, das t\u00e4glich daran arbeitet, Europa mit ethisch gewonnenen und vollst\u00e4ndig r\u00fcckverfolgbaren Batteriemineralien zu versorgen.\n                            <\/p>\n        <\/header>\n    <\/div>\n<\/div>\n\n<div class=\"wh-grid\">\n    <div class=\"wh-team\">\n        <div class=\"wh-team-items\">\n                                                            <div class=\"wh-team-item\">\n                            <div\n                                class=\"wh-team-item-image lazyload\"\n                                style=\"background-image:inherit\"\n                             data-bg-image=\"url(&#039;https:\/\/investors.eurobatteryminerals.com\/wp-content\/uploads\/2021\/01\/roberto-garcia-martinez-management.jpg&#039;)\">\n                                                                    <h6 class=\"wh-team-item-image-badge is-bold\">\n                                        Core team\n                                    <\/h6>\n                                                                                                    <a href=\"https:\/\/www.linkedin.com\/in\/roberto-garcia-martinez-bb436918b\/\" target=\"_blank\" class=\"wh-team-item-image-link\">\n                                        <img decoding=\"async\" src=\"https:\/\/investors.eurobatteryminerals.com\/wp-content\/themes\/ebm\/assets\/static\/images\/icons\/linkedin_round.svg\" alt=\"\" class=\"wh-team-item-image-icon\">\n                                    <\/a>\n                                                            <\/div>\n\n                                                            <h4 class=\"wh-team-item-name is-bold is-large\">\n                                    Dr. Roberto Garc\u00eda Mart\u00ednez                                <\/h4>\n                            \n                                                            <h6 class=\"wh-team-item-title is-bold\">\n                                    Vorstandsvorsitzender (CEO) und Mitglied des Aufsichtsrates                                <\/h6>\n                            \n                                                            <p class=\"wh-team-item-info\">\n                                    Roberto Garc\u00eda Mart\u00ednez ist seit Fr\u00fchjahr 2019 CEO von Eurobattery Minerals und sitzt auch im Vorstand des Unternehmens. Er verf\u00fcgt \u00fcber mehr als 25 Jahre Erfahrung in der Bergbauindustrie auf internationaler Ebene.                                <\/p>\n                                                    <\/div>\n\n\n                                                        <div class=\"wh-team-item\">\n                            <div\n                                class=\"wh-team-item-image lazyload\"\n                                style=\"background-image:inherit\"\n                             data-bg-image=\"url(&#039;https:\/\/investors.eurobatteryminerals.com\/wp-content\/uploads\/2021\/01\/mattias-moden-v3.jpg&#039;)\">\n                                                                    <h6 class=\"wh-team-item-image-badge is-bold\">\n                                        Core team\n                                    <\/h6>\n                                                                                                    <a href=\"https:\/\/www.linkedin.com\/in\/mattias-mod%C3%A9n-579b43209\/\" target=\"_blank\" class=\"wh-team-item-image-link\">\n                                        <img decoding=\"async\" src=\"https:\/\/investors.eurobatteryminerals.com\/wp-content\/themes\/ebm\/assets\/static\/images\/icons\/linkedin_round.svg\" alt=\"\" class=\"wh-team-item-image-icon\">\n                                    <\/a>\n                                                            <\/div>\n\n                                                            <h4 class=\"wh-team-item-name is-bold is-large\">\n                                    Mattias Mod\u00e9n                                <\/h4>\n                            \n                                                            <h6 class=\"wh-team-item-title is-bold\">\n                                    Kaufm\u00e4nnischer Leiter                                <\/h6>\n                            \n                                                            <p class=\"wh-team-item-info\">\n                                    Mattias Mod\u00e9n ist seit 2016 in Eurobattery Minerals (ehemals Orezone) im Bereich Rechnungswesen und Finanzen t\u00e4tig. Er hat einen Master-Abschluss in Wirtschaftswissenschaften, einen Abschluss in Buchhaltung\/Steuern und verf\u00fcgt \u00fcber 20 Jahre Erfahrung in der Finanzbranche.                                <\/p>\n                                                    <\/div>\n\n\n                                                        <div class=\"wh-team-item\">\n                            <div\n                                class=\"wh-team-item-image lazyload\"\n                                style=\"background-image:inherit\"\n                             data-bg-image=\"url(&#039;https:\/\/investors.eurobatteryminerals.com\/wp-content\/uploads\/2023\/03\/illari.jpg&#039;)\">\n                                                                    <h6 class=\"wh-team-item-image-badge is-bold is-blue\">\n                                        Hautalampi\n                                    <\/h6>\n                                                                                                    <a href=\"https:\/\/www.linkedin.com\/in\/ilari-kinnunen-bb8b6016\/\" target=\"_blank\" class=\"wh-team-item-image-link\">\n                                        <img decoding=\"async\" src=\"https:\/\/investors.eurobatteryminerals.com\/wp-content\/themes\/ebm\/assets\/static\/images\/icons\/linkedin_round.svg\" alt=\"\" class=\"wh-team-item-image-icon\">\n                                    <\/a>\n                                                            <\/div>\n\n                                                            <h4 class=\"wh-team-item-name is-bold is-large\">\n                                    Ilari Kinnunen                                <\/h4>\n                            \n                                                            <h6 class=\"wh-team-item-title is-bold\">\n                                    CEO von FinnCobalt Oy                                <\/h6>\n                            \n                                                            <p class=\"wh-team-item-info\">\n                                    Ilari Kinnunen bringt fast 20 Jahre Erfahrung in verschiedenen Funktionen im Bergbausektor mit mehreren leitenden Positionen mit. Ilari hat einen Master Sc. in Mineral Engineering von der Aalto University, Fachbereich Chemie und Materialwissenschaften. Ans\u00e4ssig in Outokumpu, ist er f\u00fcr die Entwicklung und den Betrieb des Hautalampi-Batterieminen-Entwicklungsprojekts verantwortlich.                                <\/p>\n                                                    <\/div>\n\n\n                                                        <div class=\"wh-team-item\">\n                            <div\n                                class=\"wh-team-item-image lazyload\"\n                                style=\"background-image:inherit\"\n                             data-bg-image=\"url(&#039;https:\/\/investors.eurobatteryminerals.com\/wp-content\/uploads\/2021\/01\/kalle-penttila.jpg&#039;)\">\n                                                                    <h6 class=\"wh-team-item-image-badge is-bold is-blue\">\n                                        Hautalampi\n                                    <\/h6>\n                                                                                                    <a href=\"https:\/\/www.linkedin.com\/in\/kalle-penttil%C3%A4-3bb41321b\/\" target=\"_blank\" class=\"wh-team-item-image-link\">\n                                        <img decoding=\"async\" src=\"https:\/\/investors.eurobatteryminerals.com\/wp-content\/themes\/ebm\/assets\/static\/images\/icons\/linkedin_round.svg\" alt=\"\" class=\"wh-team-item-image-icon\">\n                                    <\/a>\n                                                            <\/div>\n\n                                                            <h4 class=\"wh-team-item-name is-bold is-large\">\n                                    Kalle Penttil\u00e4                                <\/h4>\n                            \n                                                            <h6 class=\"wh-team-item-title is-bold\">\n                                    PROJEKTGEOLOGE                                 <\/h6>\n                            \n                                                            <p class=\"wh-team-item-info\">\n                                    Kalle Penttil\u00e4 verf\u00fcgt \u00fcber neun Jahre Erfahrung als Geologe in Bergbauunternehmen und als Strukturgeologe. Seit 2016 arbeitet Kalle als Projektgeologe im Hautalampi-Projekt. Er hat einen Bachelor-Abschluss in Geologie von der Universit\u00e4t Helsinki.                                <\/p>\n                                                    <\/div>\n\n\n                                                        <div class=\"wh-team-item\">\n                            <div\n                                class=\"wh-team-item-image lazyload\"\n                                style=\"background-image:inherit\"\n                             data-bg-image=\"url(&#039;https:\/\/investors.eurobatteryminerals.com\/wp-content\/uploads\/2025\/11\/Agne_Alhenius_webb2.jpg&#039;)\">\n                                                                    <h6 class=\"wh-team-item-image-badge is-bold is-green-lightest\">\n                                        San Juan\n                                    <\/h6>\n                                                                                                    <a href=\"https:\/\/www.linkedin.com\/in\/agne-ahlenius-6ba76541\/\" target=\"_blank\" class=\"wh-team-item-image-link\">\n                                        <img decoding=\"async\" src=\"https:\/\/investors.eurobatteryminerals.com\/wp-content\/themes\/ebm\/assets\/static\/images\/icons\/linkedin_round.svg\" alt=\"\" class=\"wh-team-item-image-icon\">\n                                    <\/a>\n                                                            <\/div>\n\n                                                            <h4 class=\"wh-team-item-name is-bold is-large\">\n                                    Agne Ahlenius                                <\/h4>\n                            \n                                                            <h6 class=\"wh-team-item-title is-bold\">\n                                    CEO von Tungsten San Juan                                <\/h6>\n                            \n                                                            <p class=\"wh-team-item-info\">\n                                    Agne Ahlenius ist eine erfahrene F\u00fchrungskraft im Bergbau mit \u00fcber 35 Jahren internationaler Erfahrung in der Entwicklung und dem Betrieb von Minen. Als ehemaliger CEO der spanischen Wolframmine Barruecopardo und anerkannter Experte f\u00fcr nachhaltigen Bergbau hatte er leitende Positionen u. a. bei Boliden, MATSA\/Sandfire und Lundin Mining inne. Er besitzt einen Master of Science in Mining Engineering der Technischen Universit\u00e4t Lule\u00e5.                                <\/p>\n                                                    <\/div>\n\n\n                                                        <div class=\"wh-team-item\">\n                            <div\n                                class=\"wh-team-item-image lazyload\"\n                                style=\"background-image:inherit\"\n                             data-bg-image=\"url(&#039;https:\/\/investors.eurobatteryminerals.com\/wp-content\/uploads\/2025\/12\/MSuarez.jpg&#039;)\">\n                                                                    <h6 class=\"wh-team-item-image-badge is-bold is-green-lightest\">\n                                        San Juan\n                                    <\/h6>\n                                                                                                    <a href=\"https:\/\/www.linkedin.com\/in\/manuel-suarez-fernandez-54486758\/\" target=\"_blank\" class=\"wh-team-item-image-link\">\n                                        <img decoding=\"async\" src=\"https:\/\/investors.eurobatteryminerals.com\/wp-content\/themes\/ebm\/assets\/static\/images\/icons\/linkedin_round.svg\" alt=\"\" class=\"wh-team-item-image-icon\">\n                                    <\/a>\n                                                            <\/div>\n\n                                                            <h4 class=\"wh-team-item-name is-bold is-large\">\n                                    Manuel Suarez Fern\u00e1ndez                                 <\/h4>\n                            \n                                                            <h6 class=\"wh-team-item-title is-bold\">\n                                    Director Facultativo                                <\/h6>\n                            \n                                                            <p class=\"wh-team-item-info\">\n                                    Er besitzt einen Doktortitel in Bergbauingenieurwesen der Universit\u00e4t Oviedo und verf\u00fcgt \u00fcber mehr als drei\u00dfig Jahre Erfahrung im Kohle-, Gold- und Wolframbergbau. Er war an Bergbauprojekten in Spanien, der Ukraine und S\u00fcdafrika beteiligt und bekleidete dort Positionen in den Bereichen Sicherheit, Planung und Genehmigungsverfahren.\r\nHerr Su\u00e1rez ist zudem technischer Experte bei der Spanischen Nationalen Akkreditierungsstelle (ENAC).\r\n                                <\/p>\n                                                    <\/div>\n\n\n                                    <\/div>\n    <\/div>\n<\/div>\n\n<div class=\"wh-grid\">\n    <div class=\"wh-cards\">\n        <header class=\"wh-cards-header\">\n            <h3 class=\"wh-cards-header-heading is-black\">\n                                    Das k\u00f6nnte Sie auch interessieren\n                            <\/h3>\n        <\/header>\n\n        <div class=\"wh-cards-items\">\n\n            <a href=\"\/de\/aufsichtsrat\/\" class=\"wh-cards-item\">\n        <div class=\"wh-cards-item-content\">\n            <div class=\"wh-cards-item-content-image\">\n                <div class=\"wh-cards-item-content-image-item is-board\"><\/div>\n            <\/div>\n\n            <h6 class=\"wh-cards-item-content-label\">\n                \u00dcber uns\n            <\/h6>\n\n            <h4 class=\"wh-cards-item-content-heading\">\n                Aufsichtsrat\n            <\/h4>\n        <\/div>\n    <\/a>\n            <a href=\"\/de\/vision-und-strategie\/\" class=\"wh-cards-item\">\n        <div class=\"wh-cards-item-content\">\n            <div class=\"wh-cards-item-content-image\">\n                <div class=\"wh-cards-item-content-image-item is-who-we-are\"><\/div>\n            <\/div>\n\n            <h6 class=\"wh-cards-item-content-label\">\n                \u00dcber uns\n            <\/h6>\n\n            <h4 class=\"wh-cards-item-content-heading\">\n                Vision &amp; Strategie\n            <\/h4>\n        <\/div>\n    <\/a>\n            <a href=\"\/de\/geschaftsmodell\/\" class=\"wh-cards-item\">\n        <div class=\"wh-cards-item-content\">\n            <div class=\"wh-cards-item-content-image\">\n                <div class=\"wh-cards-item-content-image-item is-what-we-do\"><\/div>\n            <\/div>\n\n            <h6 class=\"wh-cards-item-content-label\">\n                \u00dcber uns\n            <\/h6>\n\n            <h4 class=\"wh-cards-item-content-heading\">\n                Gesch\u00e4ftsmodell\n            <\/h4>\n        <\/div>\n    <\/a>\n        <\/div>\n    <\/div>\n<\/div>\n","protected":false},"excerpt":{"rendered":"","protected":false},"author":1,"featured_media":0,"parent":0,"menu_order":0,"comment_status":"closed","ping_status":"closed","template":"","meta":{"_acf_changed":false,"inline_featured_image":false,"footnotes":""},"class_list":["post-3931","page","type-page","status-publish","hentry"],"acf":[],"yoast_head":"<!-- This site is optimized with the Yoast SEO plugin v25.4 - https:\/\/yoast.com\/wordpress\/plugins\/seo\/ -->\n<title>Management | Eurobattery Minerals Investor Relations<\/title>\n<meta name=\"description\" content=\"Ethical and fully traceable minerals for the electric revolution\" \/>\n<meta name=\"robots\" content=\"index, follow, max-snippet:-1, max-image-preview:large, max-video-preview:-1\" \/>\n<link rel=\"canonical\" href=\"https:\/\/investors.eurobatteryminerals.com\/de\/management\/\" \/>\n<meta property=\"og:locale\" content=\"de_DE\" \/>\n<meta property=\"og:type\" content=\"article\" \/>\n<meta property=\"og:title\" content=\"Management | Eurobattery Minerals Investor Relations\" \/>\n<meta property=\"og:description\" content=\"Ethical and fully traceable minerals for the electric revolution\" \/>\n<meta property=\"og:url\" content=\"https:\/\/investors.eurobatteryminerals.com\/de\/management\/\" \/>\n<meta property=\"og:site_name\" content=\"Eurobattery Minerals Investor Relations\" \/>\n<meta property=\"article:modified_time\" content=\"2025-12-02T14:20:37+00:00\" \/>\n<meta property=\"og:image\" content=\"https:\/\/investors.eurobatteryminerals.com\/wp-content\/uploads\/2019\/09\/eurobattery-minerals-og.jpg\" \/>\n\t<meta property=\"og:image:width\" content=\"1920\" \/>\n\t<meta property=\"og:image:height\" content=\"1080\" \/>\n\t<meta property=\"og:image:type\" content=\"image\/jpeg\" \/>\n<meta name=\"twitter:card\" content=\"summary_large_image\" \/>\n<meta name=\"twitter:site\" content=\"@eurobatterymin\" \/>\n<script type=\"application\/ld+json\" class=\"yoast-schema-graph\">{\"@context\":\"https:\/\/schema.org\",\"@graph\":[{\"@type\":\"WebPage\",\"@id\":\"https:\/\/investors.eurobatteryminerals.com\/de\/management\/\",\"url\":\"https:\/\/investors.eurobatteryminerals.com\/de\/management\/\",\"name\":\"Management | Eurobattery Minerals Investor Relations\",\"isPartOf\":{\"@id\":\"https:\/\/investors.eurobatteryminerals.com\/#website\"},\"datePublished\":\"2020-12-21T12:48:52+00:00\",\"dateModified\":\"2025-12-02T14:20:37+00:00\",\"description\":\"Ethical and fully traceable minerals for the electric revolution\",\"breadcrumb\":{\"@id\":\"https:\/\/investors.eurobatteryminerals.com\/de\/management\/#breadcrumb\"},\"inLanguage\":\"de-DE\",\"potentialAction\":[{\"@type\":\"ReadAction\",\"target\":[\"https:\/\/investors.eurobatteryminerals.com\/de\/management\/\"]}]},{\"@type\":\"BreadcrumbList\",\"@id\":\"https:\/\/investors.eurobatteryminerals.com\/de\/management\/#breadcrumb\",\"itemListElement\":[{\"@type\":\"ListItem\",\"position\":1,\"name\":\"Hem\",\"item\":\"https:\/\/investors.eurobatteryminerals.com\/de\/\"},{\"@type\":\"ListItem\",\"position\":2,\"name\":\"Management\"}]},{\"@type\":\"WebSite\",\"@id\":\"https:\/\/investors.eurobatteryminerals.com\/#website\",\"url\":\"https:\/\/investors.eurobatteryminerals.com\/\",\"name\":\"Eurobattery Minerals Investor Relations\",\"description\":\"Ethical and fully traceable minerals for the electric revolution\",\"publisher\":{\"@id\":\"https:\/\/investors.eurobatteryminerals.com\/#organization\"},\"potentialAction\":[{\"@type\":\"SearchAction\",\"target\":{\"@type\":\"EntryPoint\",\"urlTemplate\":\"https:\/\/investors.eurobatteryminerals.com\/?s={search_term_string}\"},\"query-input\":{\"@type\":\"PropertyValueSpecification\",\"valueRequired\":true,\"valueName\":\"search_term_string\"}}],\"inLanguage\":\"de-DE\"},{\"@type\":\"Organization\",\"@id\":\"https:\/\/investors.eurobatteryminerals.com\/#organization\",\"name\":\"Eurobattery Minerals\",\"url\":\"https:\/\/investors.eurobatteryminerals.com\/\",\"logo\":{\"@type\":\"ImageObject\",\"inLanguage\":\"de-DE\",\"@id\":\"https:\/\/investors.eurobatteryminerals.com\/#\/schema\/logo\/image\/\",\"url\":\"https:\/\/investors.eurobatteryminerals.com\/wp-content\/uploads\/2020\/08\/logo-black.svg\",\"contentUrl\":\"https:\/\/investors.eurobatteryminerals.com\/wp-content\/uploads\/2020\/08\/logo-black.svg\",\"width\":389,\"height\":256,\"caption\":\"Eurobattery Minerals\"},\"image\":{\"@id\":\"https:\/\/investors.eurobatteryminerals.com\/#\/schema\/logo\/image\/\"},\"sameAs\":[\"https:\/\/x.com\/eurobatterymin\",\"https:\/\/www.linkedin.com\/company\/eurobattery-minerals-ab\/\",\"https:\/\/www.youtube.com\/channel\/UCEmRhpqQHcb6v758leWyWYQ\"]}]}<\/script>\n<!-- \/ Yoast SEO plugin. -->","yoast_head_json":{"title":"Management | Eurobattery Minerals Investor Relations","description":"Ethical and fully traceable minerals for the electric revolution","robots":{"index":"index","follow":"follow","max-snippet":"max-snippet:-1","max-image-preview":"max-image-preview:large","max-video-preview":"max-video-preview:-1"},"canonical":"https:\/\/investors.eurobatteryminerals.com\/de\/management\/","og_locale":"de_DE","og_type":"article","og_title":"Management | Eurobattery Minerals Investor Relations","og_description":"Ethical and fully traceable minerals for the electric revolution","og_url":"https:\/\/investors.eurobatteryminerals.com\/de\/management\/","og_site_name":"Eurobattery Minerals Investor Relations","article_modified_time":"2025-12-02T14:20:37+00:00","og_image":[{"width":1920,"height":1080,"url":"https:\/\/investors.eurobatteryminerals.com\/wp-content\/uploads\/2019\/09\/eurobattery-minerals-og.jpg","type":"image\/jpeg"}],"twitter_card":"summary_large_image","twitter_site":"@eurobatterymin","schema":{"@context":"https:\/\/schema.org","@graph":[{"@type":"WebPage","@id":"https:\/\/investors.eurobatteryminerals.com\/de\/management\/","url":"https:\/\/investors.eurobatteryminerals.com\/de\/management\/","name":"Management | Eurobattery Minerals Investor Relations","isPartOf":{"@id":"https:\/\/investors.eurobatteryminerals.com\/#website"},"datePublished":"2020-12-21T12:48:52+00:00","dateModified":"2025-12-02T14:20:37+00:00","description":"Ethical and fully traceable minerals for the electric revolution","breadcrumb":{"@id":"https:\/\/investors.eurobatteryminerals.com\/de\/management\/#breadcrumb"},"inLanguage":"de-DE","potentialAction":[{"@type":"ReadAction","target":["https:\/\/investors.eurobatteryminerals.com\/de\/management\/"]}]},{"@type":"BreadcrumbList","@id":"https:\/\/investors.eurobatteryminerals.com\/de\/management\/#breadcrumb","itemListElement":[{"@type":"ListItem","position":1,"name":"Hem","item":"https:\/\/investors.eurobatteryminerals.com\/de\/"},{"@type":"ListItem","position":2,"name":"Management"}]},{"@type":"WebSite","@id":"https:\/\/investors.eurobatteryminerals.com\/#website","url":"https:\/\/investors.eurobatteryminerals.com\/","name":"Eurobattery Minerals Investor Relations","description":"Ethical and fully traceable minerals for the electric revolution","publisher":{"@id":"https:\/\/investors.eurobatteryminerals.com\/#organization"},"potentialAction":[{"@type":"SearchAction","target":{"@type":"EntryPoint","urlTemplate":"https:\/\/investors.eurobatteryminerals.com\/?s={search_term_string}"},"query-input":{"@type":"PropertyValueSpecification","valueRequired":true,"valueName":"search_term_string"}}],"inLanguage":"de-DE"},{"@type":"Organization","@id":"https:\/\/investors.eurobatteryminerals.com\/#organization","name":"Eurobattery Minerals","url":"https:\/\/investors.eurobatteryminerals.com\/","logo":{"@type":"ImageObject","inLanguage":"de-DE","@id":"https:\/\/investors.eurobatteryminerals.com\/#\/schema\/logo\/image\/","url":"https:\/\/investors.eurobatteryminerals.com\/wp-content\/uploads\/2020\/08\/logo-black.svg","contentUrl":"https:\/\/investors.eurobatteryminerals.com\/wp-content\/uploads\/2020\/08\/logo-black.svg","width":389,"height":256,"caption":"Eurobattery Minerals"},"image":{"@id":"https:\/\/investors.eurobatteryminerals.com\/#\/schema\/logo\/image\/"},"sameAs":["https:\/\/x.com\/eurobatterymin","https:\/\/www.linkedin.com\/company\/eurobattery-minerals-ab\/","https:\/\/www.youtube.com\/channel\/UCEmRhpqQHcb6v758leWyWYQ"]}]}},"_links":{"self":[{"href":"https:\/\/investors.eurobatteryminerals.com\/de\/wp-json\/wp\/v2\/pages\/3931","targetHints":{"allow":["GET"]}}],"collection":[{"href":"https:\/\/investors.eurobatteryminerals.com\/de\/wp-json\/wp\/v2\/pages"}],"about":[{"href":"https:\/\/investors.eurobatteryminerals.com\/de\/wp-json\/wp\/v2\/types\/page"}],"author":[{"embeddable":true,"href":"https:\/\/investors.eurobatteryminerals.com\/de\/wp-json\/wp\/v2\/users\/1"}],"replies":[{"embeddable":true,"href":"https:\/\/investors.eurobatteryminerals.com\/de\/wp-json\/wp\/v2\/comments?post=3931"}],"version-history":[{"count":10,"href":"https:\/\/investors.eurobatteryminerals.com\/de\/wp-json\/wp\/v2\/pages\/3931\/revisions"}],"predecessor-version":[{"id":8121,"href":"https:\/\/investors.eurobatteryminerals.com\/de\/wp-json\/wp\/v2\/pages\/3931\/revisions\/8121"}],"wp:attachment":[{"href":"https:\/\/investors.eurobatteryminerals.com\/de\/wp-json\/wp\/v2\/media?parent=3931"}],"curies":[{"name":"wp","href":"https:\/\/api.w.org\/{rel}","templated":true}]}}