{"id":5606,"date":"2023-02-24T11:29:17","date_gmt":"2023-02-24T10:29:17","guid":{"rendered":"https:\/\/investors.eurobatteryminerals.com\/?page_id=5606"},"modified":"2023-04-13T13:43:01","modified_gmt":"2023-04-13T11:43:01","slug":"corporate-governance","status":"publish","type":"page","link":"https:\/\/investors.eurobatteryminerals.com\/de\/corporate-governance\/","title":{"rendered":"Corporate Governance"},"content":{"rendered":"<div class=\"wh-grid\">\n    <div class=\"wh-hero-clean\">\n        <header class=\"wh-hero-clean-header\">\n            <h1 class=\"wh-hero-clean-header-heading is-statement is-bold is-black\">\n                                    Unternehmenspolitik\n                            <\/h1>\n            <p class=\"wh-hero-clean-header-text is-lead\">\n                                    Eurobattery Minerals ist ein Bergbauunternehmen, das sich auf die Exploration und Erschlie\u00dfung der Mineralien Nickel, Kobalt und Kupfer f\u00fcr den wachsenden Elektrofahrzeugmarkt in Europa konzentriert. Das Unternehmen hat laufende Projekte in Finnland und Spanien.\n                            <\/p>\n        <\/header>\n\n        <div class=\"wh-hero-clean-image is-corporate-governance\"><\/div>\n    <\/div>\n\n    <div class=\"wh-corporate-governance-paragraph\">\n        <header class=\"wh-corporate-governance-header\">\n            <h2 class=\"wh-corporate-governance-header-heading is-statement is-black\">\n                                    Unser Verst\u00e4ndnis von guter Unternehmensf\u00fchrung\n                            <\/h2>\n                            <p class=\"wh-corporate-governance-text is-large\">\n                    Der Bergbau ist eine sehr anspruchsvolle und hochtechnologische Industrie und h\u00e4lt den Schl\u00fcssel zur technologischen Entwicklung f\u00fcr die echte gr\u00fcne Revolution.\n                <\/p>\n                <p class=\"wh-corporate-governance-text is-large\">\n                    Eurobattery Minerals hat eine klare Vision: Europa dabei zu helfen, sich mit kritischen Batteriemineralien zu 100 % selbst zu versorgen. Um dieses Ziel zu erreichen, m\u00fcssen wir Verantwortung f\u00fcr unsere Gesch\u00e4ftst\u00e4tigkeit \u00fcbernehmen und allen unseren Stakeholdern volle Transparenz garantieren.\n                <\/p>\n                <p class=\"wh-corporate-governance-text is-large\">\n                    Die Verantwortung f\u00fcr eine gute Unternehmensf\u00fchrung bei Eurobattery Minerals liegt beim Management Team. Der Kern unseres Managementteams besteht aus Roberto Garcia Martinez, CEO und Vorstandsmitglied, und Mattias Moden, Financial Controller. Der CEO ist der Hauptverantwortliche f\u00fcr den ethischen Ton und die Gew\u00e4hrleistung der Achtung und Umsetzung der Werte des Unternehmens. Gute Corporate Governance bedeutet f\u00fcr uns, nationale und internationale Gesetze und Vorschriften einzuhalten, regelm\u00e4\u00dfig mit internen und externen Stakeholdern zu kommunizieren und entlang der gesamten Lieferkette transparent zu sein.\n                <\/p>\n                    <\/header>\n    <\/div>\n\n\n            <div class=\"wh-corporate-governance-cards\">\n            <h2 class=\"wh-corporate-governance-cards-heading\">\n                                    Additional Governance information\n                            <\/h2>\n            <div class= \"wh-corporate-governance-cards-items\">\n                                    <a href=\"https:\/\/investors.eurobatteryminerals.com\/de\/aufsichtsrat\/\" class=\"wh-corporate-governance-cards-item\">\n                        <div class=\"wh-corporate-governance-cards-item-content\">\n                            <div class=\"wh-corporate-governance-cards-image lazyload\" style=\"background-image:inherit\" data-bg-image=\"url(https:\/\/investors.eurobatteryminerals.com\/wp-content\/uploads\/2023\/03\/board-2.webp)\">\n                                <header class=\"wh-corporate-governance-cards-header\">\n                                    <h4 class=\"wh-corporate-governance-cards-header-heading is-bold is-white is-large\">\n                                        Aufsichtsrat                                    <\/h4>\n                                <\/header>\n                            <\/div>\n                        <\/div>\n                    <\/a>\n                                    <a href=\"https:\/\/investors.eurobatteryminerals.com\/de\/management\/\" class=\"wh-corporate-governance-cards-item\">\n                        <div class=\"wh-corporate-governance-cards-item-content\">\n                            <div class=\"wh-corporate-governance-cards-image lazyload\" style=\"background-image:inherit\" data-bg-image=\"url(https:\/\/investors.eurobatteryminerals.com\/wp-content\/uploads\/2023\/02\/management-1-1.png)\">\n                                <header class=\"wh-corporate-governance-cards-header\">\n                                    <h4 class=\"wh-corporate-governance-cards-header-heading is-bold is-white is-large\">\n                                        Management                                    <\/h4>\n                                <\/header>\n                            <\/div>\n                        <\/div>\n                    <\/a>\n                                    <a href=\"https:\/\/investors.eurobatteryminerals.com\/de\/jahresversammlungen\/\" class=\"wh-corporate-governance-cards-item\">\n                        <div class=\"wh-corporate-governance-cards-item-content\">\n                            <div class=\"wh-corporate-governance-cards-image lazyload\" style=\"background-image:inherit\" data-bg-image=\"url(https:\/\/investors.eurobatteryminerals.com\/wp-content\/uploads\/2021\/05\/bat-annual-report-2020-web.jpg)\">\n                                <header class=\"wh-corporate-governance-cards-header\">\n                                    <h4 class=\"wh-corporate-governance-cards-header-heading is-bold is-white is-large\">\n                                        Jahresversammlungen                                    <\/h4>\n                                <\/header>\n                            <\/div>\n                        <\/div>\n                    <\/a>\n                                    <a href=\"https:\/\/investors.eurobatteryminerals.com\/de\/ausserordentliche-jahresversammlungen\/\" class=\"wh-corporate-governance-cards-item\">\n                        <div class=\"wh-corporate-governance-cards-item-content\">\n                            <div class=\"wh-corporate-governance-cards-image lazyload\" style=\"background-image:inherit\" data-bg-image=\"url(https:\/\/investors.eurobatteryminerals.com\/wp-content\/uploads\/2023\/04\/forest-road.webp)\">\n                                <header class=\"wh-corporate-governance-cards-header\">\n                                    <h4 class=\"wh-corporate-governance-cards-header-heading is-bold is-white is-large\">\n                                        Au\u00dferordentliche Jahresversammlungen                                    <\/h4>\n                                <\/header>\n                            <\/div>\n                        <\/div>\n                    <\/a>\n                                    <a href=\"https:\/\/investors.eurobatteryminerals.com\/de\/nachhaltigkeit\/\" class=\"wh-corporate-governance-cards-item\">\n                        <div class=\"wh-corporate-governance-cards-item-content\">\n                            <div class=\"wh-corporate-governance-cards-image lazyload\" style=\"background-image:inherit\" data-bg-image=\"url(https:\/\/investors.eurobatteryminerals.com\/wp-content\/uploads\/2023\/02\/210902_eurobat_FJL_185-1.jpeg)\">\n                                <header class=\"wh-corporate-governance-cards-header\">\n                                    <h4 class=\"wh-corporate-governance-cards-header-heading is-bold is-white is-large\">\n                                        Nachhaltigkeit                                    <\/h4>\n                                <\/header>\n                            <\/div>\n                        <\/div>\n                    <\/a>\n                                    <a href=\"https:\/\/investors.eurobatteryminerals.com\/de\/satzung\/\" class=\"wh-corporate-governance-cards-item\">\n                        <div class=\"wh-corporate-governance-cards-item-content\">\n                            <div class=\"wh-corporate-governance-cards-image lazyload\" style=\"background-image:inherit\" data-bg-image=\"url(https:\/\/investors.eurobatteryminerals.com\/wp-content\/uploads\/2023\/04\/charging-phone.webp)\">\n                                <header class=\"wh-corporate-governance-cards-header\">\n                                    <h4 class=\"wh-corporate-governance-cards-header-heading is-bold is-white is-large\">\n                                        Satzung                                    <\/h4>\n                                <\/header>\n                            <\/div>\n                        <\/div>\n                    <\/a>\n                            <\/div>\n        <\/div>\n    <\/div>\n","protected":false},"excerpt":{"rendered":"","protected":false},"author":5,"featured_media":0,"parent":0,"menu_order":0,"comment_status":"closed","ping_status":"closed","template":"","meta":{"_acf_changed":false,"inline_featured_image":false,"footnotes":""},"class_list":["post-5606","page","type-page","status-publish","hentry"],"acf":[],"yoast_head":"<!-- This site is optimized with the Yoast SEO plugin v25.4 - https:\/\/yoast.com\/wordpress\/plugins\/seo\/ -->\n<title>Corporate Governance | Eurobattery Minerals Investor Relations<\/title>\n<meta name=\"description\" content=\"Ethical and fully traceable minerals for the electric revolution\" \/>\n<meta name=\"robots\" content=\"index, follow, max-snippet:-1, max-image-preview:large, max-video-preview:-1\" \/>\n<link rel=\"canonical\" href=\"https:\/\/investors.eurobatteryminerals.com\/de\/corporate-governance\/\" \/>\n<meta property=\"og:locale\" content=\"de_DE\" \/>\n<meta property=\"og:type\" content=\"article\" \/>\n<meta property=\"og:title\" content=\"Corporate Governance | Eurobattery Minerals Investor Relations\" \/>\n<meta property=\"og:description\" content=\"Ethical and fully traceable minerals for the electric revolution\" \/>\n<meta property=\"og:url\" content=\"https:\/\/investors.eurobatteryminerals.com\/de\/corporate-governance\/\" \/>\n<meta property=\"og:site_name\" content=\"Eurobattery Minerals Investor Relations\" \/>\n<meta property=\"article:modified_time\" content=\"2023-04-13T11:43:01+00:00\" \/>\n<meta property=\"og:image\" content=\"https:\/\/investors.eurobatteryminerals.com\/wp-content\/uploads\/2023\/03\/210831_eurobat_FJL_002-4-1.jpeg\" \/>\n\t<meta property=\"og:image:width\" content=\"1500\" \/>\n\t<meta property=\"og:image:height\" content=\"1000\" \/>\n\t<meta property=\"og:image:type\" content=\"image\/jpeg\" \/>\n<meta name=\"twitter:card\" content=\"summary_large_image\" \/>\n<meta name=\"twitter:image\" content=\"https:\/\/investors.eurobatteryminerals.com\/wp-content\/uploads\/2023\/03\/210831_eurobat_FJL_002-4-1.jpeg\" \/>\n<meta name=\"twitter:site\" content=\"@eurobatterymin\" \/>\n<script type=\"application\/ld+json\" class=\"yoast-schema-graph\">{\"@context\":\"https:\/\/schema.org\",\"@graph\":[{\"@type\":\"WebPage\",\"@id\":\"https:\/\/investors.eurobatteryminerals.com\/de\/corporate-governance\/\",\"url\":\"https:\/\/investors.eurobatteryminerals.com\/de\/corporate-governance\/\",\"name\":\"Corporate Governance | Eurobattery Minerals Investor Relations\",\"isPartOf\":{\"@id\":\"https:\/\/investors.eurobatteryminerals.com\/#website\"},\"datePublished\":\"2023-02-24T10:29:17+00:00\",\"dateModified\":\"2023-04-13T11:43:01+00:00\",\"description\":\"Ethical and fully traceable minerals for the electric revolution\",\"breadcrumb\":{\"@id\":\"https:\/\/investors.eurobatteryminerals.com\/de\/corporate-governance\/#breadcrumb\"},\"inLanguage\":\"de-DE\",\"potentialAction\":[{\"@type\":\"ReadAction\",\"target\":[\"https:\/\/investors.eurobatteryminerals.com\/de\/corporate-governance\/\"]}]},{\"@type\":\"BreadcrumbList\",\"@id\":\"https:\/\/investors.eurobatteryminerals.com\/de\/corporate-governance\/#breadcrumb\",\"itemListElement\":[{\"@type\":\"ListItem\",\"position\":1,\"name\":\"Hem\",\"item\":\"https:\/\/investors.eurobatteryminerals.com\/de\/\"},{\"@type\":\"ListItem\",\"position\":2,\"name\":\"Corporate Governance\"}]},{\"@type\":\"WebSite\",\"@id\":\"https:\/\/investors.eurobatteryminerals.com\/#website\",\"url\":\"https:\/\/investors.eurobatteryminerals.com\/\",\"name\":\"Eurobattery Minerals Investor Relations\",\"description\":\"Ethical and fully traceable minerals for the electric revolution\",\"publisher\":{\"@id\":\"https:\/\/investors.eurobatteryminerals.com\/#organization\"},\"potentialAction\":[{\"@type\":\"SearchAction\",\"target\":{\"@type\":\"EntryPoint\",\"urlTemplate\":\"https:\/\/investors.eurobatteryminerals.com\/?s={search_term_string}\"},\"query-input\":{\"@type\":\"PropertyValueSpecification\",\"valueRequired\":true,\"valueName\":\"search_term_string\"}}],\"inLanguage\":\"de-DE\"},{\"@type\":\"Organization\",\"@id\":\"https:\/\/investors.eurobatteryminerals.com\/#organization\",\"name\":\"Eurobattery Minerals\",\"url\":\"https:\/\/investors.eurobatteryminerals.com\/\",\"logo\":{\"@type\":\"ImageObject\",\"inLanguage\":\"de-DE\",\"@id\":\"https:\/\/investors.eurobatteryminerals.com\/#\/schema\/logo\/image\/\",\"url\":\"https:\/\/investors.eurobatteryminerals.com\/wp-content\/uploads\/2020\/08\/logo-black.svg\",\"contentUrl\":\"https:\/\/investors.eurobatteryminerals.com\/wp-content\/uploads\/2020\/08\/logo-black.svg\",\"width\":389,\"height\":256,\"caption\":\"Eurobattery Minerals\"},\"image\":{\"@id\":\"https:\/\/investors.eurobatteryminerals.com\/#\/schema\/logo\/image\/\"},\"sameAs\":[\"https:\/\/x.com\/eurobatterymin\",\"https:\/\/www.linkedin.com\/company\/eurobattery-minerals-ab\/\",\"https:\/\/www.youtube.com\/channel\/UCEmRhpqQHcb6v758leWyWYQ\"]}]}<\/script>\n<!-- \/ Yoast SEO plugin. -->","yoast_head_json":{"title":"Corporate Governance | Eurobattery Minerals Investor Relations","description":"Ethical and fully traceable minerals for the electric revolution","robots":{"index":"index","follow":"follow","max-snippet":"max-snippet:-1","max-image-preview":"max-image-preview:large","max-video-preview":"max-video-preview:-1"},"canonical":"https:\/\/investors.eurobatteryminerals.com\/de\/corporate-governance\/","og_locale":"de_DE","og_type":"article","og_title":"Corporate Governance | Eurobattery Minerals Investor Relations","og_description":"Ethical and fully traceable minerals for the electric revolution","og_url":"https:\/\/investors.eurobatteryminerals.com\/de\/corporate-governance\/","og_site_name":"Eurobattery Minerals Investor Relations","article_modified_time":"2023-04-13T11:43:01+00:00","og_image":[{"width":1500,"height":1000,"url":"https:\/\/investors.eurobatteryminerals.com\/wp-content\/uploads\/2023\/03\/210831_eurobat_FJL_002-4-1.jpeg","type":"image\/jpeg"}],"twitter_card":"summary_large_image","twitter_image":"https:\/\/investors.eurobatteryminerals.com\/wp-content\/uploads\/2023\/03\/210831_eurobat_FJL_002-4-1.jpeg","twitter_site":"@eurobatterymin","schema":{"@context":"https:\/\/schema.org","@graph":[{"@type":"WebPage","@id":"https:\/\/investors.eurobatteryminerals.com\/de\/corporate-governance\/","url":"https:\/\/investors.eurobatteryminerals.com\/de\/corporate-governance\/","name":"Corporate Governance | Eurobattery Minerals Investor Relations","isPartOf":{"@id":"https:\/\/investors.eurobatteryminerals.com\/#website"},"datePublished":"2023-02-24T10:29:17+00:00","dateModified":"2023-04-13T11:43:01+00:00","description":"Ethical and fully traceable minerals for the electric revolution","breadcrumb":{"@id":"https:\/\/investors.eurobatteryminerals.com\/de\/corporate-governance\/#breadcrumb"},"inLanguage":"de-DE","potentialAction":[{"@type":"ReadAction","target":["https:\/\/investors.eurobatteryminerals.com\/de\/corporate-governance\/"]}]},{"@type":"BreadcrumbList","@id":"https:\/\/investors.eurobatteryminerals.com\/de\/corporate-governance\/#breadcrumb","itemListElement":[{"@type":"ListItem","position":1,"name":"Hem","item":"https:\/\/investors.eurobatteryminerals.com\/de\/"},{"@type":"ListItem","position":2,"name":"Corporate Governance"}]},{"@type":"WebSite","@id":"https:\/\/investors.eurobatteryminerals.com\/#website","url":"https:\/\/investors.eurobatteryminerals.com\/","name":"Eurobattery Minerals Investor Relations","description":"Ethical and fully traceable minerals for the electric revolution","publisher":{"@id":"https:\/\/investors.eurobatteryminerals.com\/#organization"},"potentialAction":[{"@type":"SearchAction","target":{"@type":"EntryPoint","urlTemplate":"https:\/\/investors.eurobatteryminerals.com\/?s={search_term_string}"},"query-input":{"@type":"PropertyValueSpecification","valueRequired":true,"valueName":"search_term_string"}}],"inLanguage":"de-DE"},{"@type":"Organization","@id":"https:\/\/investors.eurobatteryminerals.com\/#organization","name":"Eurobattery Minerals","url":"https:\/\/investors.eurobatteryminerals.com\/","logo":{"@type":"ImageObject","inLanguage":"de-DE","@id":"https:\/\/investors.eurobatteryminerals.com\/#\/schema\/logo\/image\/","url":"https:\/\/investors.eurobatteryminerals.com\/wp-content\/uploads\/2020\/08\/logo-black.svg","contentUrl":"https:\/\/investors.eurobatteryminerals.com\/wp-content\/uploads\/2020\/08\/logo-black.svg","width":389,"height":256,"caption":"Eurobattery Minerals"},"image":{"@id":"https:\/\/investors.eurobatteryminerals.com\/#\/schema\/logo\/image\/"},"sameAs":["https:\/\/x.com\/eurobatterymin","https:\/\/www.linkedin.com\/company\/eurobattery-minerals-ab\/","https:\/\/www.youtube.com\/channel\/UCEmRhpqQHcb6v758leWyWYQ"]}]}},"_links":{"self":[{"href":"https:\/\/investors.eurobatteryminerals.com\/de\/wp-json\/wp\/v2\/pages\/5606","targetHints":{"allow":["GET"]}}],"collection":[{"href":"https:\/\/investors.eurobatteryminerals.com\/de\/wp-json\/wp\/v2\/pages"}],"about":[{"href":"https:\/\/investors.eurobatteryminerals.com\/de\/wp-json\/wp\/v2\/types\/page"}],"author":[{"embeddable":true,"href":"https:\/\/investors.eurobatteryminerals.com\/de\/wp-json\/wp\/v2\/users\/5"}],"replies":[{"embeddable":true,"href":"https:\/\/investors.eurobatteryminerals.com\/de\/wp-json\/wp\/v2\/comments?post=5606"}],"version-history":[{"count":11,"href":"https:\/\/investors.eurobatteryminerals.com\/de\/wp-json\/wp\/v2\/pages\/5606\/revisions"}],"predecessor-version":[{"id":6107,"href":"https:\/\/investors.eurobatteryminerals.com\/de\/wp-json\/wp\/v2\/pages\/5606\/revisions\/6107"}],"wp:attachment":[{"href":"https:\/\/investors.eurobatteryminerals.com\/de\/wp-json\/wp\/v2\/media?parent=5606"}],"curies":[{"name":"wp","href":"https:\/\/api.w.org\/{rel}","templated":true}]}}