{"id":5631,"date":"2023-02-24T11:36:57","date_gmt":"2023-02-24T10:36:57","guid":{"rendered":"https:\/\/investors.eurobatteryminerals.com\/?page_id=5631"},"modified":"2023-03-01T17:45:55","modified_gmt":"2023-03-01T16:45:55","slug":"nachhaltigkeit","status":"publish","type":"page","link":"https:\/\/investors.eurobatteryminerals.com\/de\/nachhaltigkeit\/","title":{"rendered":"Nachhaltigkeit"},"content":{"rendered":"<div class=\"wh-grid\">\n    <div class=\"wh-hero-clean\">\n        <header class=\"wh-hero-clean-header\">\n            <h1 class=\"wh-hero-clean-header-heading is-statement is-bold is-black\">\n                                    Nachhaltigkeit\n                            <\/h1>\n            <p class=\"wh-hero-clean-header-text is-lead\">\n                                    Eurobattery Minerals ist ein Bergbauunternehmen, das sich auf die Exploration und Erschlie\u00dfung der Mineralien Nickel, Kobalt und Kupfer f\u00fcr den wachsenden Elektrofahrzeugmarkt in Europa konzentriert. Das Unternehmen hat laufende Projekte in Finnland und Spanien.\n                            <\/p>\n        <\/header>\n\n        <div class=\"wh-hero-clean-image is-sustainability\"><\/div>\n\n    <\/div>\n\n    <div class=\"wh-corporate-governance-paragraph has-lesser-padding\">\n        <header class=\"wh-corporate-governance-header\">\n                            <h2 class=\"wh-corporate-governance-header-heading is-statement is-black\">\n                    Nachhaltiger Bergbau f\u00fcr eine gr\u00fcnere Zukunft\n                <\/h2>\n                <p class=\"wh-corporate-governance-text is-large\">\n                    Als Bergbauunternehmen sind wir uns bei Eurobattery Minerals der Auswirkungen unserer Aktivit\u00e4ten auf die Umwelt und die lokalen Gemeinschaften bewusst. Deshalb ist f\u00fcr uns verantwortungsvolles Wirtschaften in unserer Unternehmenskultur verankert. Unser Fokus liegt auf ethischer Beschaffung und vollst\u00e4ndiger R\u00fcckverfolgbarkeit der kritischen Mineralien, von der Exploration bis zur Abbauphase. Nachhaltiges Handeln bedeutet f\u00fcr Eurobattery Minerals, seine Aktivit\u00e4ten unter Beachtung der Umweltaspekte zu planen und die soziale Verantwortung f\u00fcr alle Mitarbeiter und die Menschen, die in der N\u00e4he von Bergbaustandorten leben und arbeiten, zu \u00fcbernehmen. Unsere Vision ist es, Europa bei der Selbstversorgung mit ethischen und vollst\u00e4ndig r\u00fcckverfolgbaren Batteriemineralien f\u00fcr die Elektrofahrzeugindustrie zu unterst\u00fctzen. Wir wollen Europa mit kritischen Rohstoffen versorgen, die in Europa verantwortungsvoll abgebaut werden. Das ist unser Beitrag zu einer saubereren Welt!\n                <\/p>\n                <p class=\"wh-corporate-governance-text is-large\">\n                    Aus unserer \u00f6kologischen und sozialen Verantwortung als Bergbauunternehmen ergibt sich unsere moralische Verpflichtung, die folgenden UN-Nachhaltigkeitsziele zu erreichen, die uns auch als Leitlinien f\u00fcr die Umsetzung unseres Nachhaltigkeitskonzepts dienen:\n                <\/p>\n                    <\/header>\n    <\/div>\n\n    <div class=\"wh-sustainability-items\">\n        <div class=\"wh-sustainability-item\">\n            <div class=\"wh-sustainability-item-image lazyload\" style=\"background-image:inherit\" data-bg-image=\"url(https:\/\/investors.eurobatteryminerals.com\/wp-content\/themes\/ebm\/assets\/static\/images\/\/sustainability\/fn-07.png)\"><\/div>\n            <p class=\"wh-sustainability-item-text is-small\">\n                                    Ein gr\u00fcnes Produkt f\u00fcr die saubere Energiewende anbieten.\n                            <\/p>\n        <\/div>\n        <div class=\"wh-sustainability-item\">\n            <div class=\"wh-sustainability-item-image lazyload\" style=\"background-image:inherit\" data-bg-image=\"url(https:\/\/investors.eurobatteryminerals.com\/wp-content\/themes\/ebm\/assets\/static\/images\/\/sustainability\/fn-08.png)\"><\/div>\n            <p class=\"wh-sustainability-item-text is-small\">\n                                    Einen sicheren, fairen und gesunden Arbeitsplatz bieten; Besch\u00e4ftigungsm\u00f6glichkeiten schaffen.\n                            <\/p>\n        <\/div>\n        <div class=\"wh-sustainability-item\">\n            <div class=\"wh-sustainability-item-image lazyload\" style=\"background-image:inherit\" data-bg-image=\"url(https:\/\/investors.eurobatteryminerals.com\/wp-content\/themes\/ebm\/assets\/static\/images\/\/sustainability\/fn-12.png)\"><\/div>\n            <p class=\"wh-sustainability-item-text is-small\">\n                                    Verwendung von Technologien in der Produktion mit geringer Umweltbelastung.\n                            <\/p>\n        <\/div>\n        <div class=\"wh-sustainability-item\">\n            <div class=\"wh-sustainability-item-image lazyload\" style=\"background-image:inherit\" data-bg-image=\"url(https:\/\/investors.eurobatteryminerals.com\/wp-content\/themes\/ebm\/assets\/static\/images\/\/sustainability\/fn-15.png)\"><\/div>\n            <p class=\"wh-sustainability-item-text is-small\">\n                                    Minimierung der Auswirkungen auf Wasser, Luft und \u00d6kosysteme.\n                            <\/p>\n        <\/div>\n    <\/div>\n\n\n    <\/div>\n","protected":false},"excerpt":{"rendered":"","protected":false},"author":5,"featured_media":0,"parent":0,"menu_order":0,"comment_status":"closed","ping_status":"closed","template":"","meta":{"_acf_changed":false,"inline_featured_image":false,"footnotes":""},"class_list":["post-5631","page","type-page","status-publish","hentry"],"acf":[],"yoast_head":"<!-- This site is optimized with the Yoast SEO plugin v25.4 - https:\/\/yoast.com\/wordpress\/plugins\/seo\/ -->\n<title>Nachhaltigkeit | Eurobattery Minerals Investor Relations<\/title>\n<meta name=\"description\" content=\"Ethical and fully traceable minerals for the electric revolution\" \/>\n<meta name=\"robots\" content=\"index, follow, max-snippet:-1, max-image-preview:large, max-video-preview:-1\" \/>\n<link rel=\"canonical\" href=\"https:\/\/investors.eurobatteryminerals.com\/hallbarhet\/\" \/>\n<meta property=\"og:locale\" content=\"de_DE\" \/>\n<meta property=\"og:type\" content=\"article\" \/>\n<meta property=\"og:title\" content=\"Nachhaltigkeit | Eurobattery Minerals Investor Relations\" \/>\n<meta property=\"og:description\" content=\"Ethical and fully traceable minerals for the electric revolution\" \/>\n<meta property=\"og:url\" content=\"https:\/\/investors.eurobatteryminerals.com\/hallbarhet\/\" \/>\n<meta property=\"og:site_name\" content=\"Eurobattery Minerals Investor Relations\" \/>\n<meta property=\"article:modified_time\" content=\"2023-03-01T16:45:55+00:00\" \/>\n<meta property=\"og:image\" content=\"https:\/\/investors.eurobatteryminerals.com\/wp-content\/uploads\/2023\/03\/sustainability.jpeg\" \/>\n\t<meta property=\"og:image:width\" content=\"762\" \/>\n\t<meta property=\"og:image:height\" content=\"663\" \/>\n\t<meta property=\"og:image:type\" content=\"image\/jpeg\" \/>\n<meta name=\"twitter:card\" content=\"summary_large_image\" \/>\n<meta name=\"twitter:image\" content=\"https:\/\/investors.eurobatteryminerals.com\/wp-content\/uploads\/2023\/03\/sustainability.jpeg\" \/>\n<meta name=\"twitter:site\" content=\"@eurobatterymin\" \/>\n<script type=\"application\/ld+json\" class=\"yoast-schema-graph\">{\"@context\":\"https:\/\/schema.org\",\"@graph\":[{\"@type\":\"WebPage\",\"@id\":\"https:\/\/investors.eurobatteryminerals.com\/hallbarhet\/\",\"url\":\"https:\/\/investors.eurobatteryminerals.com\/hallbarhet\/\",\"name\":\"Nachhaltigkeit | Eurobattery Minerals Investor Relations\",\"isPartOf\":{\"@id\":\"https:\/\/investors.eurobatteryminerals.com\/#website\"},\"datePublished\":\"2023-02-24T10:36:57+00:00\",\"dateModified\":\"2023-03-01T16:45:55+00:00\",\"description\":\"Ethical and fully traceable minerals for the electric revolution\",\"breadcrumb\":{\"@id\":\"https:\/\/investors.eurobatteryminerals.com\/hallbarhet\/#breadcrumb\"},\"inLanguage\":\"de-DE\",\"potentialAction\":[{\"@type\":\"ReadAction\",\"target\":[\"https:\/\/investors.eurobatteryminerals.com\/hallbarhet\/\"]}]},{\"@type\":\"BreadcrumbList\",\"@id\":\"https:\/\/investors.eurobatteryminerals.com\/hallbarhet\/#breadcrumb\",\"itemListElement\":[{\"@type\":\"ListItem\",\"position\":1,\"name\":\"Hem\",\"item\":\"https:\/\/investors.eurobatteryminerals.com\/de\/\"},{\"@type\":\"ListItem\",\"position\":2,\"name\":\"Nachhaltigkeit\"}]},{\"@type\":\"WebSite\",\"@id\":\"https:\/\/investors.eurobatteryminerals.com\/#website\",\"url\":\"https:\/\/investors.eurobatteryminerals.com\/\",\"name\":\"Eurobattery Minerals Investor Relations\",\"description\":\"Ethical and fully traceable minerals for the electric revolution\",\"publisher\":{\"@id\":\"https:\/\/investors.eurobatteryminerals.com\/#organization\"},\"potentialAction\":[{\"@type\":\"SearchAction\",\"target\":{\"@type\":\"EntryPoint\",\"urlTemplate\":\"https:\/\/investors.eurobatteryminerals.com\/?s={search_term_string}\"},\"query-input\":{\"@type\":\"PropertyValueSpecification\",\"valueRequired\":true,\"valueName\":\"search_term_string\"}}],\"inLanguage\":\"de-DE\"},{\"@type\":\"Organization\",\"@id\":\"https:\/\/investors.eurobatteryminerals.com\/#organization\",\"name\":\"Eurobattery Minerals\",\"url\":\"https:\/\/investors.eurobatteryminerals.com\/\",\"logo\":{\"@type\":\"ImageObject\",\"inLanguage\":\"de-DE\",\"@id\":\"https:\/\/investors.eurobatteryminerals.com\/#\/schema\/logo\/image\/\",\"url\":\"https:\/\/investors.eurobatteryminerals.com\/wp-content\/uploads\/2020\/08\/logo-black.svg\",\"contentUrl\":\"https:\/\/investors.eurobatteryminerals.com\/wp-content\/uploads\/2020\/08\/logo-black.svg\",\"width\":389,\"height\":256,\"caption\":\"Eurobattery Minerals\"},\"image\":{\"@id\":\"https:\/\/investors.eurobatteryminerals.com\/#\/schema\/logo\/image\/\"},\"sameAs\":[\"https:\/\/x.com\/eurobatterymin\",\"https:\/\/www.linkedin.com\/company\/eurobattery-minerals-ab\/\",\"https:\/\/www.youtube.com\/channel\/UCEmRhpqQHcb6v758leWyWYQ\"]}]}<\/script>\n<!-- \/ Yoast SEO plugin. -->","yoast_head_json":{"title":"Nachhaltigkeit | Eurobattery Minerals Investor Relations","description":"Ethical and fully traceable minerals for the electric revolution","robots":{"index":"index","follow":"follow","max-snippet":"max-snippet:-1","max-image-preview":"max-image-preview:large","max-video-preview":"max-video-preview:-1"},"canonical":"https:\/\/investors.eurobatteryminerals.com\/hallbarhet\/","og_locale":"de_DE","og_type":"article","og_title":"Nachhaltigkeit | Eurobattery Minerals Investor Relations","og_description":"Ethical and fully traceable minerals for the electric revolution","og_url":"https:\/\/investors.eurobatteryminerals.com\/hallbarhet\/","og_site_name":"Eurobattery Minerals Investor Relations","article_modified_time":"2023-03-01T16:45:55+00:00","og_image":[{"width":762,"height":663,"url":"https:\/\/investors.eurobatteryminerals.com\/wp-content\/uploads\/2023\/03\/sustainability.jpeg","type":"image\/jpeg"}],"twitter_card":"summary_large_image","twitter_image":"https:\/\/investors.eurobatteryminerals.com\/wp-content\/uploads\/2023\/03\/sustainability.jpeg","twitter_site":"@eurobatterymin","schema":{"@context":"https:\/\/schema.org","@graph":[{"@type":"WebPage","@id":"https:\/\/investors.eurobatteryminerals.com\/hallbarhet\/","url":"https:\/\/investors.eurobatteryminerals.com\/hallbarhet\/","name":"Nachhaltigkeit | Eurobattery Minerals Investor Relations","isPartOf":{"@id":"https:\/\/investors.eurobatteryminerals.com\/#website"},"datePublished":"2023-02-24T10:36:57+00:00","dateModified":"2023-03-01T16:45:55+00:00","description":"Ethical and fully traceable minerals for the electric revolution","breadcrumb":{"@id":"https:\/\/investors.eurobatteryminerals.com\/hallbarhet\/#breadcrumb"},"inLanguage":"de-DE","potentialAction":[{"@type":"ReadAction","target":["https:\/\/investors.eurobatteryminerals.com\/hallbarhet\/"]}]},{"@type":"BreadcrumbList","@id":"https:\/\/investors.eurobatteryminerals.com\/hallbarhet\/#breadcrumb","itemListElement":[{"@type":"ListItem","position":1,"name":"Hem","item":"https:\/\/investors.eurobatteryminerals.com\/de\/"},{"@type":"ListItem","position":2,"name":"Nachhaltigkeit"}]},{"@type":"WebSite","@id":"https:\/\/investors.eurobatteryminerals.com\/#website","url":"https:\/\/investors.eurobatteryminerals.com\/","name":"Eurobattery Minerals Investor Relations","description":"Ethical and fully traceable minerals for the electric revolution","publisher":{"@id":"https:\/\/investors.eurobatteryminerals.com\/#organization"},"potentialAction":[{"@type":"SearchAction","target":{"@type":"EntryPoint","urlTemplate":"https:\/\/investors.eurobatteryminerals.com\/?s={search_term_string}"},"query-input":{"@type":"PropertyValueSpecification","valueRequired":true,"valueName":"search_term_string"}}],"inLanguage":"de-DE"},{"@type":"Organization","@id":"https:\/\/investors.eurobatteryminerals.com\/#organization","name":"Eurobattery Minerals","url":"https:\/\/investors.eurobatteryminerals.com\/","logo":{"@type":"ImageObject","inLanguage":"de-DE","@id":"https:\/\/investors.eurobatteryminerals.com\/#\/schema\/logo\/image\/","url":"https:\/\/investors.eurobatteryminerals.com\/wp-content\/uploads\/2020\/08\/logo-black.svg","contentUrl":"https:\/\/investors.eurobatteryminerals.com\/wp-content\/uploads\/2020\/08\/logo-black.svg","width":389,"height":256,"caption":"Eurobattery Minerals"},"image":{"@id":"https:\/\/investors.eurobatteryminerals.com\/#\/schema\/logo\/image\/"},"sameAs":["https:\/\/x.com\/eurobatterymin","https:\/\/www.linkedin.com\/company\/eurobattery-minerals-ab\/","https:\/\/www.youtube.com\/channel\/UCEmRhpqQHcb6v758leWyWYQ"]}]}},"_links":{"self":[{"href":"https:\/\/investors.eurobatteryminerals.com\/de\/wp-json\/wp\/v2\/pages\/5631","targetHints":{"allow":["GET"]}}],"collection":[{"href":"https:\/\/investors.eurobatteryminerals.com\/de\/wp-json\/wp\/v2\/pages"}],"about":[{"href":"https:\/\/investors.eurobatteryminerals.com\/de\/wp-json\/wp\/v2\/types\/page"}],"author":[{"embeddable":true,"href":"https:\/\/investors.eurobatteryminerals.com\/de\/wp-json\/wp\/v2\/users\/5"}],"replies":[{"embeddable":true,"href":"https:\/\/investors.eurobatteryminerals.com\/de\/wp-json\/wp\/v2\/comments?post=5631"}],"version-history":[{"count":1,"href":"https:\/\/investors.eurobatteryminerals.com\/de\/wp-json\/wp\/v2\/pages\/5631\/revisions"}],"predecessor-version":[{"id":5633,"href":"https:\/\/investors.eurobatteryminerals.com\/de\/wp-json\/wp\/v2\/pages\/5631\/revisions\/5633"}],"wp:attachment":[{"href":"https:\/\/investors.eurobatteryminerals.com\/de\/wp-json\/wp\/v2\/media?parent=5631"}],"curies":[{"name":"wp","href":"https:\/\/api.w.org\/{rel}","templated":true}]}}