{"id":5947,"date":"2023-03-16T10:47:19","date_gmt":"2023-03-16T09:47:19","guid":{"rendered":"https:\/\/investors.eurobatteryminerals.com\/?page_id=5947"},"modified":"2023-03-16T10:47:19","modified_gmt":"2023-03-16T09:47:19","slug":"optionsscheine-serie-to3","status":"publish","type":"page","link":"https:\/\/investors.eurobatteryminerals.com\/de\/optionsscheine-serie-to3\/","title":{"rendered":"Optionsscheine Serie TO3"},"content":{"rendered":"\n<div class=\"wh-grid\">\n    <div class=\"wh-hero-clean is-clean\">\n        <header class=\"wh-hero-clean-header is-wider\">\n            <h1 class=\"wh-hero-clean-header-heading is-statement is-mobile-small is-bold is-black\">\n                                    Optionsscheine Serie TO3\n                            <\/h1>\n        <\/header>\n\n        <div class=\"wh-hero-clean-image is-warrants-2023\"><\/div>\n    <\/div>\n<\/div>\n\n<div class=\"wh-grid\">\n    <div class=\"wh-storytelling\">\n\n        <div class=\"wh-storytelling-content\">\n            <h2 class=\"wh-storytelling-content-heading is-bold\">\n                                    Emissionsbedingungen\n                            <\/h2>\n\n            <h4 class=\"wh-storytelling-content-subheading is-black is-normal is-bold\">\n                                    Zeichnungspreis bei der Emission\n                            <\/h4>\n\n            <p class=\"wh-storytelling-content-text is-black is-large is-normal\">\n                                    2,44 SEK\n                            <\/p>\n\n            <h4 class=\"wh-storytelling-content-subheading is-black is-normal is-bold\">\n                                    Bedingungen\n                            <\/h4>\n\n            <p class=\"wh-storytelling-content-text is-black is-large is-normal\">\n                                    Jeder (1) Optionsschein berechtigt zum Bezug von einer (1) neuen Aktie.\n                            <\/p>\n\n            <h4 class=\"wh-storytelling-content-subheading is-black is-normal is-bold\">\n                                    Zeichnungsfrist\n                            <\/h4>\n\n            <p class=\"wh-storytelling-content-text is-black is-large is-normal\">\n                                    20. M\u00e4rz &#8211; 31. M\u00e4rz 2023.\n                            <\/p>\n\n            <h4 class=\"wh-storytelling-content-subheading is-black is-normal is-bold\">\n                                    Letzter Handelstag f\u00fcr die Optionsscheine\n                            <\/h4>\n\n            <p class=\"wh-storytelling-content-text is-black is-large is-normal\">\n                                    28. M\u00e4rz 2023\n                            <\/p>\n\n            <h4 class=\"wh-storytelling-content-subheading is-black is-normal is-bold\">\n                                    Bekanntgabe des Ergebnisses\n                            <\/h4>\n\n            <p class=\"wh-storytelling-content-text is-black is-large is-normal\">\n                                    Indikativ Woche 14, 2023\n                            <\/p>\n        <\/div>\n\n        <!--<div class=\"wh-storytelling-content\">\n            <h2 class=\"wh-storytelling-content-heading\">\n                                    Handel med teckningsoptioner\n                            <\/h2>\n            <p class=\"wh-storytelling-content-text is-large\">\n                                    I juli genomf\u00f6rde Eurobattery Minerals AB en f\u00f6retr\u00e4desemission av units, som bestod av aktier och teckningsoptioner. Fr\u00e5n och med 18 augusti handlas optionerna p\u00e5 NGM Nordic SME (Ticker: BAT TO2).\n                    <br><br>\n                    Har du fr\u00e5gor ang\u00e5ende investerarrelationer, v\u00e4nligen skicka ett mejl till\n                    <a href=\"mailto:ir@eurobatteryminerals.com\" class=\"wh-git-header-text-link\">\n                        ir@eurobatteryminerals.com\n                    <\/a>.\n                            <\/p>\n            <div class=\"wh-storytelling-content-files\">\n                <a href=\"https:\/\/eurobatteryminerals.com\/wp-content\/uploads\/2020\/05\/fo%CC%88rslag-till-beslut-om-fo%CC%88retra%CC%88desemission-av-units.pdf\" target=\"_blank\" class=\"wh-storytelling-content-file\">\n                    <span class=\"material-icons wh-storytelling-content-file-icon\">\n                        picture_as_pdf\n                    <\/span>\n                                            Fo\u0308retra\u0308desemission av units\n                                        <span class=\"wh-storytelling-content-file-info\">\n                        PDF\n                    <\/span>\n                <\/a>\n            <\/div>\n        <\/div>-->\n\n        <div class=\"wh-storytelling-content\">\n            <h2 class=\"wh-storytelling-content-heading is-bold\">\n                                    Einladung zum Investorentreffen am 27. M\u00e4rz 2023\n                            <\/h2>\n            <p class=\"wh-storytelling-content-text is-large\">\n                                    Der Gesch\u00e4ftsf\u00fchrer von Eurobattery, Roberto Garc\u00eda Mart\u00ednez, wird am Montag, den 27. M\u00e4rz 2023 um 17:30 Uhr MESZ im Rahmen eines digitalen Investorentreffens das Unternehmen vorstellen und Fragen beantworten. Die Anmeldung erfolgt \u00fcber den folgenden\n                    <a class=\"is-bold\" target=\"_blank\" href=\"https:\/\/forms.gle\/DXN97h9PXrE89oSG9\">Link<\/a>.\n                    Bitte beachten Sie, dass die Pr\u00e4sentation in englischer Sprache gehalten wird.\n                    <br><br>\n\n                            <\/p>\n        <\/div>\n\n        <div class=\"wh-storytelling-content\">\n            <h2 class=\"wh-storytelling-content-heading is-bold\">\n                                    Weitere Informationen\n                            <\/h2>\n\n            <div class=\"wh-storytelling-content-files\">\n                                    <a href=\"https:\/\/investors.eurobatteryminerals.com\/wp-content\/uploads\/2023\/03\/anmalningssedel-teckning-med-direktregistrerade-teckningsoptioner-to3.pdf\" target=\"_blank\" class=\"wh-storytelling-content-file\">\n                        <span class=\"material-icons wh-storytelling-content-file-icon\">\n                            link\n                        <\/span>\n                        Zeichnungsformular (direkt registrierte Optionsscheine) \u2013 BAT TO3\n                        <span class=\"wh-storytelling-content-file-info\">\n                            Link\n                        <\/span>\n                    <\/a>\n                                \n                                    <a href=\"https:\/\/investors.eurobatteryminerals.com\/wp-content\/uploads\/2023\/03\/eurobattery-minerals-ab-tillvaxtprospekt.pdf\" target=\"_blank\" class=\"wh-storytelling-content-file\">\n                        <span class=\"material-icons wh-storytelling-content-file-icon\">\n                            link\n                        <\/span>\n                        Bezugsrechtsprospekt \u2013 Dezember 2022\n                        <span class=\"wh-storytelling-content-file-info\">\n                            Link\n                        <\/span>\n                    <\/a>\n                \n                                    <a href=\"https:\/\/investors.eurobatteryminerals.com\/de\/pressemitteilungen\/zeichnungspreis-fur-die-ausubung-der-optionsscheine-der-serie-to3-auf-244-sek-festgelegt-zeichnungsfrist-beginnt-am-montag-den-20-marz-2023\/\" target=\"_blank\" class=\"wh-storytelling-content-file\">\n                        <span class=\"material-icons wh-storytelling-content-file-icon\">\n                            link\n                        <\/span>\n                        Pressemitteilungen\n                        <span class=\"wh-storytelling-content-file-info\">\n                            Link\n                        <\/span>\n                    <\/a>\n                                \n                                    <a \n                        href=\"https:\/\/investors.eurobatteryminerals.com\/wp-content\/uploads\/2023\/03\/bat-villkor-for-teckningsoptioner-serie-20231.pdf\" \n                        target=\"_blank\" \n                        class=\"wh-storytelling-content-file\"\n                    >\n                        <span class=\"material-icons wh-storytelling-content-file-icon\">\n                            link\n                        <\/span>\n\n                        Bedingungen f\u00fcr die Optionsscheinserie 2023:1 von Eurobattery Minerals AB\n\n                        <span class=\"wh-storytelling-content-file-info\">\n                            Link\n                        <\/span>\n                    <\/a>\n                            <\/div>\n        <\/div>\n    <\/div>\n<\/div>\n\n<div class=\"wh-geoblocker\">\n    <div class=\"wh-geoblocker-inner\">\n        <header class=\"wh-geoblocker-header\">\n            <h1 class=\"wh-geoblocker-header-heading is-bold\">\n                                    Wichtige Informationen\n                            <\/h1>\n        <\/header>\n\n        <p class=\"wh-geoblocker-text\">\n                            Die in diesem Abschnitt der Website von Eurobattery Minerals AB (publ) (das &#8220;<strong>Unternehmen<\/strong>\u201c) enthaltenen Informationen sind nicht f\u00fcr Personen bestimmt, die in den Vereinigten Staaten von Amerika (einschlie\u00dflich ihrer Territorien und Besitzungen, jedes Bundesstaates der Vereinigten Staaten und des District of Columbia, die &#8220;Vereinigten Staaten&#8221;), Australien, Kanada, Hongkong, Japan, Neuseeland, der Schweiz, Singapur oder einer anderen Jurisdiktion, in der dies einen Versto\u00df gegen die dortigen Wertpapiergesetze darstellen k\u00f6nnte, ans\u00e4ssig sind oder sich dort physisch aufhalten. Die Informationen d\u00fcrfen weder direkt noch indirekt, ganz oder teilweise, von diesen Personen eingesehen, verbreitet oder weitergegeben werden. Sie stellen weder ein Angebot zum Verkauf noch eine Aufforderung zur Abgabe eines Angebots zum Kauf oder Erwerb von Stammaktien oder anderen Wertpapieren des Unternehmens in den Vereinigten Staaten, Australien, Kanada, Hongkong, Japan, Neuseeland, der Schweiz, Singapur, S\u00fcdafrika oder einer anderen Jurisdiktion dar, in der dies einen Versto\u00df gegen die lokalen Wertpapiergesetze oder -vorschriften dieser Jurisdiktion darstellen k\u00f6nnte.\n                    <\/p>\n\n        <p class=\"wh-geoblocker-text\">\n                            Alle Wertpapiere des Unternehmens, auf die auf dieser Website Bezug genommen wird (die &#8220;<strong>Wertpapiere<\/strong>\u201c), wurden und werden nicht gem\u00e4\u00df dem U.S. Securities Act von 1933 in der jeweils g\u00fcltigen Fassung (der &#8220;<strong>Securities Act<\/strong>\u201c) registriert und d\u00fcrfen in den Vereinigten Staaten weder angeboten noch verkauft werden, es sei denn, sie sind registriert oder von der Registrierungspflicht gem\u00e4\u00df dem Securities Act befreit, oder es handelt sich um eine Transaktion, die nicht der Registrierungspflicht gem\u00e4\u00df dem Securities Act unterliegt und in \u00dcbereinstimmung mit den geltenden Wertpapiergesetzen eines Bundesstaates oder einer anderen Gerichtsbarkeit der Vereinigten Staaten steht. Die Schuldverschreibungen wurden und werden auch nicht nach den geltenden Wertpapiergesetzen von Australien, Kanada, Hongkong, Japan, Neuseeland, der Schweiz, Singapur oder S\u00fcdafrika registriert und d\u00fcrfen, vorbehaltlich bestimmter Ausnahmen, nicht in Australien, Kanada, Hongkong, Japan, Neuseeland, der Schweiz, Singapur oder S\u00fcdafrika oder auf Rechnung oder zugunsten von Personen angeboten oder verkauft werden, die eine eingetragene Adresse in Australien, Kanada, Hongkong, Japan, Neuseeland, der Schweiz, Singapur oder S\u00fcdafrika haben oder dort ans\u00e4ssig sind. Es wird kein \u00f6ffentliches Angebot der Wertpapiere in den Vereinigten Staaten, Australien, Kanada, Hongkong, Japan, Neuseeland, der Schweiz, Singapur oder S\u00fcdafrika geben.\n                    <\/p>\n\n        <p class=\"wh-geoblocker-text\">\n                            Der Zugang zu den auf den folgenden Webseiten enthaltenen Informationen und Dokumenten kann in bestimmten Rechtsordnungen rechtswidrig sein, und nur bestimmte Personengruppen k\u00f6nnen zum Zugang zu diesen Informationen und Dokumenten berechtigt sein. Alle Personen mit Wohnsitz au\u00dferhalb Schwedens, die Zugang zu den auf dieser Website enthaltenen Dokumenten haben m\u00f6chten, sollten sich vergewissern, dass sie nicht lokalen Gesetzen oder Vorschriften unterliegen, die ihr Recht auf Zugang zu dieser Website verbieten oder einschr\u00e4nken oder eine Registrierung oder Genehmigung f\u00fcr den Erwerb von Wertpapieren erforderlich ist Au\u00dferhalb Schwedens wurde keine solche Registrierung oder Genehmigung eingeholt. Die Gesellschaft \u00fcbernimmt keine Verantwortung, wenn eine Person gegen geltende Gesetze und Vorschriften verst\u00f6\u00dft.\n                    <\/p>\n\n        <p class=\"wh-geoblocker-label is-bold\">\n                            Ich best\u00e4tige daher, dass:\n                    <\/p>\n\n        <ul class=\"wh-geoblocker-list\">\n            <li class=\"wh-geoblocker-list-item\">\n                                    Ich habe meinen Wohnsitz au\u00dferhalb der Vereinigten Staaten, Australiens, Kanadas, Hongkongs, Japans, Neuseelands, der Schweiz, Singapurs und S\u00fcdafrikas und halte mich dort auf.\n                            <\/li>\n            <li class=\"wh-geoblocker-list-item\">\n                                    Ich habe meinen Wohnsitz und bin physisch anwesend (a) in Schweden oder (b) au\u00dferhalb Schwedens und in jedem der in Klausel (1) oben genannten L\u00e4nder, und in diesem Fall bin ich berechtigt, auf die Informationen und Dokumente auf dieser Website zuzugreifen, ohne rechtlichen Beschr\u00e4nkungen zu unterliegen und ohne dass weitere Ma\u00dfnahmen seitens des Unternehmens erforderlich sind.\n                            <\/li>\n        <\/ul>\n\n        <div class=\"wh-geoblocker-footer\">\n            <p class=\"wh-geoblocker-footer-info\">\n                                    Ich habe die oben genannten Einschr\u00e4nkungen gelesen, verstanden und erkl\u00e4re mich damit einverstanden, sie einzuhalten.\n                            <\/p>\n\n            <a href=\"\" class=\"wh-geoblocker-footer-approve wh-button is-primary is-full\">\n                                    ICH STIMME ZU\n                            <\/a>\n\n            <a href=\"\/\" class=\"wh-geoblocker-footer-cancel wh-button is-triadical is-full\">\n                                    ICH STIMME NICHT ZU\n                            <\/a>\n        <\/div>\n    <\/div>\n<\/div>\n","protected":false},"excerpt":{"rendered":"","protected":false},"author":6,"featured_media":0,"parent":0,"menu_order":0,"comment_status":"closed","ping_status":"closed","template":"","meta":{"_acf_changed":false,"inline_featured_image":false,"footnotes":""},"class_list":["post-5947","page","type-page","status-publish","hentry"],"acf":[],"yoast_head":"<!-- This site is optimized with the Yoast SEO plugin v25.4 - https:\/\/yoast.com\/wordpress\/plugins\/seo\/ -->\n<title>Optionsscheine Serie TO3 | Eurobattery Minerals Investor Relations<\/title>\n<meta name=\"description\" content=\"Ethical and fully traceable minerals for the electric revolution\" \/>\n<meta name=\"robots\" content=\"index, follow, max-snippet:-1, max-image-preview:large, max-video-preview:-1\" \/>\n<link rel=\"canonical\" href=\"https:\/\/investors.eurobatteryminerals.com\/teckningsoptioner-serie-to3\/\" \/>\n<meta property=\"og:locale\" content=\"de_DE\" \/>\n<meta property=\"og:type\" content=\"article\" \/>\n<meta property=\"og:title\" content=\"Optionsscheine Serie TO3 | Eurobattery Minerals Investor Relations\" \/>\n<meta property=\"og:description\" content=\"Ethical and fully traceable minerals for the electric revolution\" \/>\n<meta property=\"og:url\" content=\"https:\/\/investors.eurobatteryminerals.com\/teckningsoptioner-serie-to3\/\" \/>\n<meta property=\"og:site_name\" content=\"Eurobattery Minerals Investor Relations\" \/>\n<meta property=\"og:image\" content=\"https:\/\/investors.eurobatteryminerals.com\/wp-content\/uploads\/2023\/03\/warrants-2023.jpg\" \/>\n\t<meta property=\"og:image:width\" content=\"1500\" \/>\n\t<meta property=\"og:image:height\" content=\"677\" \/>\n\t<meta property=\"og:image:type\" content=\"image\/jpeg\" \/>\n<meta name=\"twitter:card\" content=\"summary_large_image\" \/>\n<meta name=\"twitter:image\" content=\"https:\/\/investors.eurobatteryminerals.com\/wp-content\/uploads\/2023\/03\/warrants-2023.jpg\" \/>\n<meta name=\"twitter:site\" content=\"@eurobatterymin\" \/>\n<script type=\"application\/ld+json\" class=\"yoast-schema-graph\">{\"@context\":\"https:\/\/schema.org\",\"@graph\":[{\"@type\":\"WebPage\",\"@id\":\"https:\/\/investors.eurobatteryminerals.com\/teckningsoptioner-serie-to3\/\",\"url\":\"https:\/\/investors.eurobatteryminerals.com\/teckningsoptioner-serie-to3\/\",\"name\":\"Optionsscheine Serie TO3 | Eurobattery Minerals Investor Relations\",\"isPartOf\":{\"@id\":\"https:\/\/investors.eurobatteryminerals.com\/#website\"},\"datePublished\":\"2023-03-16T09:47:19+00:00\",\"description\":\"Ethical and fully traceable minerals for the electric revolution\",\"breadcrumb\":{\"@id\":\"https:\/\/investors.eurobatteryminerals.com\/teckningsoptioner-serie-to3\/#breadcrumb\"},\"inLanguage\":\"de-DE\",\"potentialAction\":[{\"@type\":\"ReadAction\",\"target\":[\"https:\/\/investors.eurobatteryminerals.com\/teckningsoptioner-serie-to3\/\"]}]},{\"@type\":\"BreadcrumbList\",\"@id\":\"https:\/\/investors.eurobatteryminerals.com\/teckningsoptioner-serie-to3\/#breadcrumb\",\"itemListElement\":[{\"@type\":\"ListItem\",\"position\":1,\"name\":\"Hem\",\"item\":\"https:\/\/investors.eurobatteryminerals.com\/de\/\"},{\"@type\":\"ListItem\",\"position\":2,\"name\":\"Optionsscheine Serie TO3\"}]},{\"@type\":\"WebSite\",\"@id\":\"https:\/\/investors.eurobatteryminerals.com\/#website\",\"url\":\"https:\/\/investors.eurobatteryminerals.com\/\",\"name\":\"Eurobattery Minerals Investor Relations\",\"description\":\"Ethical and fully traceable minerals for the electric revolution\",\"publisher\":{\"@id\":\"https:\/\/investors.eurobatteryminerals.com\/#organization\"},\"potentialAction\":[{\"@type\":\"SearchAction\",\"target\":{\"@type\":\"EntryPoint\",\"urlTemplate\":\"https:\/\/investors.eurobatteryminerals.com\/?s={search_term_string}\"},\"query-input\":{\"@type\":\"PropertyValueSpecification\",\"valueRequired\":true,\"valueName\":\"search_term_string\"}}],\"inLanguage\":\"de-DE\"},{\"@type\":\"Organization\",\"@id\":\"https:\/\/investors.eurobatteryminerals.com\/#organization\",\"name\":\"Eurobattery Minerals\",\"url\":\"https:\/\/investors.eurobatteryminerals.com\/\",\"logo\":{\"@type\":\"ImageObject\",\"inLanguage\":\"de-DE\",\"@id\":\"https:\/\/investors.eurobatteryminerals.com\/#\/schema\/logo\/image\/\",\"url\":\"https:\/\/investors.eurobatteryminerals.com\/wp-content\/uploads\/2020\/08\/logo-black.svg\",\"contentUrl\":\"https:\/\/investors.eurobatteryminerals.com\/wp-content\/uploads\/2020\/08\/logo-black.svg\",\"width\":389,\"height\":256,\"caption\":\"Eurobattery Minerals\"},\"image\":{\"@id\":\"https:\/\/investors.eurobatteryminerals.com\/#\/schema\/logo\/image\/\"},\"sameAs\":[\"https:\/\/x.com\/eurobatterymin\",\"https:\/\/www.linkedin.com\/company\/eurobattery-minerals-ab\/\",\"https:\/\/www.youtube.com\/channel\/UCEmRhpqQHcb6v758leWyWYQ\"]}]}<\/script>\n<!-- \/ Yoast SEO plugin. -->","yoast_head_json":{"title":"Optionsscheine Serie TO3 | Eurobattery Minerals Investor Relations","description":"Ethical and fully traceable minerals for the electric revolution","robots":{"index":"index","follow":"follow","max-snippet":"max-snippet:-1","max-image-preview":"max-image-preview:large","max-video-preview":"max-video-preview:-1"},"canonical":"https:\/\/investors.eurobatteryminerals.com\/teckningsoptioner-serie-to3\/","og_locale":"de_DE","og_type":"article","og_title":"Optionsscheine Serie TO3 | Eurobattery Minerals Investor Relations","og_description":"Ethical and fully traceable minerals for the electric revolution","og_url":"https:\/\/investors.eurobatteryminerals.com\/teckningsoptioner-serie-to3\/","og_site_name":"Eurobattery Minerals Investor Relations","og_image":[{"width":1500,"height":677,"url":"https:\/\/investors.eurobatteryminerals.com\/wp-content\/uploads\/2023\/03\/warrants-2023.jpg","type":"image\/jpeg"}],"twitter_card":"summary_large_image","twitter_image":"https:\/\/investors.eurobatteryminerals.com\/wp-content\/uploads\/2023\/03\/warrants-2023.jpg","twitter_site":"@eurobatterymin","schema":{"@context":"https:\/\/schema.org","@graph":[{"@type":"WebPage","@id":"https:\/\/investors.eurobatteryminerals.com\/teckningsoptioner-serie-to3\/","url":"https:\/\/investors.eurobatteryminerals.com\/teckningsoptioner-serie-to3\/","name":"Optionsscheine Serie TO3 | Eurobattery Minerals Investor Relations","isPartOf":{"@id":"https:\/\/investors.eurobatteryminerals.com\/#website"},"datePublished":"2023-03-16T09:47:19+00:00","description":"Ethical and fully traceable minerals for the electric revolution","breadcrumb":{"@id":"https:\/\/investors.eurobatteryminerals.com\/teckningsoptioner-serie-to3\/#breadcrumb"},"inLanguage":"de-DE","potentialAction":[{"@type":"ReadAction","target":["https:\/\/investors.eurobatteryminerals.com\/teckningsoptioner-serie-to3\/"]}]},{"@type":"BreadcrumbList","@id":"https:\/\/investors.eurobatteryminerals.com\/teckningsoptioner-serie-to3\/#breadcrumb","itemListElement":[{"@type":"ListItem","position":1,"name":"Hem","item":"https:\/\/investors.eurobatteryminerals.com\/de\/"},{"@type":"ListItem","position":2,"name":"Optionsscheine Serie TO3"}]},{"@type":"WebSite","@id":"https:\/\/investors.eurobatteryminerals.com\/#website","url":"https:\/\/investors.eurobatteryminerals.com\/","name":"Eurobattery Minerals Investor Relations","description":"Ethical and fully traceable minerals for the electric revolution","publisher":{"@id":"https:\/\/investors.eurobatteryminerals.com\/#organization"},"potentialAction":[{"@type":"SearchAction","target":{"@type":"EntryPoint","urlTemplate":"https:\/\/investors.eurobatteryminerals.com\/?s={search_term_string}"},"query-input":{"@type":"PropertyValueSpecification","valueRequired":true,"valueName":"search_term_string"}}],"inLanguage":"de-DE"},{"@type":"Organization","@id":"https:\/\/investors.eurobatteryminerals.com\/#organization","name":"Eurobattery Minerals","url":"https:\/\/investors.eurobatteryminerals.com\/","logo":{"@type":"ImageObject","inLanguage":"de-DE","@id":"https:\/\/investors.eurobatteryminerals.com\/#\/schema\/logo\/image\/","url":"https:\/\/investors.eurobatteryminerals.com\/wp-content\/uploads\/2020\/08\/logo-black.svg","contentUrl":"https:\/\/investors.eurobatteryminerals.com\/wp-content\/uploads\/2020\/08\/logo-black.svg","width":389,"height":256,"caption":"Eurobattery Minerals"},"image":{"@id":"https:\/\/investors.eurobatteryminerals.com\/#\/schema\/logo\/image\/"},"sameAs":["https:\/\/x.com\/eurobatterymin","https:\/\/www.linkedin.com\/company\/eurobattery-minerals-ab\/","https:\/\/www.youtube.com\/channel\/UCEmRhpqQHcb6v758leWyWYQ"]}]}},"_links":{"self":[{"href":"https:\/\/investors.eurobatteryminerals.com\/de\/wp-json\/wp\/v2\/pages\/5947","targetHints":{"allow":["GET"]}}],"collection":[{"href":"https:\/\/investors.eurobatteryminerals.com\/de\/wp-json\/wp\/v2\/pages"}],"about":[{"href":"https:\/\/investors.eurobatteryminerals.com\/de\/wp-json\/wp\/v2\/types\/page"}],"author":[{"embeddable":true,"href":"https:\/\/investors.eurobatteryminerals.com\/de\/wp-json\/wp\/v2\/users\/6"}],"replies":[{"embeddable":true,"href":"https:\/\/investors.eurobatteryminerals.com\/de\/wp-json\/wp\/v2\/comments?post=5947"}],"version-history":[{"count":1,"href":"https:\/\/investors.eurobatteryminerals.com\/de\/wp-json\/wp\/v2\/pages\/5947\/revisions"}],"predecessor-version":[{"id":5948,"href":"https:\/\/investors.eurobatteryminerals.com\/de\/wp-json\/wp\/v2\/pages\/5947\/revisions\/5948"}],"wp:attachment":[{"href":"https:\/\/investors.eurobatteryminerals.com\/de\/wp-json\/wp\/v2\/media?parent=5947"}],"curies":[{"name":"wp","href":"https:\/\/api.w.org\/{rel}","templated":true}]}}