{"id":738,"date":"2019-07-14T13:48:03","date_gmt":"2019-07-14T11:48:03","guid":{"rendered":"http:\/\/investors.eurobatteryminerals.com\/emission-2019\/"},"modified":"2019-07-14T14:16:56","modified_gmt":"2019-07-14T12:16:56","slug":"emission-2019","status":"publish","type":"page","link":"https:\/\/investors.eurobatteryminerals.com\/en\/emission-2019\/","title":{"rendered":"Emission 2019"},"content":{"rendered":"\n<div class=\"wh-hero is-press\">\n    <header class=\"wh-hero-inner\">\n        <h1 class=\"wh-hero-heading is-hero\">\n            Emission 2019        <\/h1>\n    <\/header>\n<\/div>\n\n<div class=\"wh-grid\">\n    <div class=\"wh-booster\">\n        <header class=\"wh-booster-inner is-large has-margin-bottom\">\n            <h3 class=\"wh-booster-heading\">\n                                    Investor meeting\n                            <\/h3>\n\n            <p class=\"wh-booster-text is-lead\">\n                                    On May 6, 2019, an investor meeting will be held at Augments Partners AB at 17.30. <br>\n                    To register, please send an email to\n                    <a href=\"mailto:info@augment.se\" class=\"wh-booster-link\">info@augment.se<\/a>.Investor meeting\n                            <\/p>\n        <\/header>\n\n        <div class=\"wh wh-booster-contact has-no-margin-top\">\n            <div class=\"wh-booster-contact-item\">\n                <h6 class=\"wh-booster-contact-item-heading is-large\">\n                                            Address\n                                    <\/h6>\n\n                <a href=\"https:\/\/www.google.com\/maps\/place\/Birger+Jarlsgatan+2,+114+34+Stockholm\/@59.3333303,18.0735821,17z\/data=!3m1!4b1!4m5!3m4!1s0x465f9d5ba2978be9:0x57afbeb3fe0c864!8m2!3d59.3333276!4d18.0757761\" target=\"_blank\" class=\"wh-booster-contact-item-link is-large is-regular\">\n                    Birger Jarlsgatan 2, <br>\n                    114 34 Stockholm\n                <\/a>\n            <\/div>\n\n            <div class=\"wh-booster-contact-item\">\n                <h6 class=\"wh-booster-contact-item-heading is-large\">\n                                            Presentation\n                                    <\/h6>\n\n                <a href=\"https:\/\/www.youtube.com\/watch?v=LUxq2d2yhFg&#038;feature=youtu.be&#038;t=1\" target=\"_blank\" class=\"wh-booster-contact-item-link is-large is-regular\">\n                    Financial Stockholm presentation\n                <\/a>\n            <\/div>\n        <\/div>\n    <\/div>\n<\/div>\n\n<div class=\"wh-grid\">\n    <div class=\"wh-lead-text has-no-padding-top\">\n        <div class=\"wh-lead-text-inner\">\n            <h1 class=\"wh-lead-text-header\">\n                                    Timetable for the rights issue\n                            <\/h1>\n            <p class=\"wh-lead-text-item\">\n\n                18 april \u2013 7 maj 2019 Teckningsperiod<br><br>\n                18 april \u2013 3 maj 2019 Handel i teckningsr\u00e4tter<br><br>\n                10 maj 2019 Ber\u00e4knad dag f\u00f6r offentligg\u00f6rande av utfallet i F\u00f6retr\u00e4desemissionen\n            <\/p>\n        <\/div>\n    <\/div>\n<\/div>\n\n    <div class=\"wh-grid\">\n        <div class=\"wh-link-lists\">\n            <div class=\"wh-link-list has-no-margin-bottom has-no-max-width\">\n                <h2 class=\"wh-link-list-heading is-normal\">\n                                            Prospect and application form\n                                    <\/h2>\n            <\/div>\n\n            <div class=\"wh-link-list\">\n                <div class=\"wh-files-list-items\">\n                    <table class=\"wh-files-list-table\">\n                                                    <tr class=\"wh-files-list-table-row\">\n                                <td class=\"wh-files-list-table-cell\">\n                                    <a href=\"https:\/\/investors.eurobatteryminerals.com\/wp-content\/uploads\/2019\/07\/orezone_prospekt_2019-1.pdf\" target=\"_blank\" class=\"wh-files-list-table-cell-link\">\n                                        Prospect                                    <\/a>\n                                <\/td>\n                                <td class=\"wh-files-list-table-cell\">\n                                    PDF\n                                <\/td>\n                            <\/tr>\n                                                    <tr class=\"wh-files-list-table-row\">\n                                <td class=\"wh-files-list-table-cell\">\n                                    <a href=\"https:\/\/investors.eurobatteryminerals.com\/wp-content\/uploads\/2019\/07\/orezone_teaser.pdf\" target=\"_blank\" class=\"wh-files-list-table-cell-link\">\n                                        Teaser for prospect                                    <\/a>\n                                <\/td>\n                                <td class=\"wh-files-list-table-cell\">\n                                    PDF\n                                <\/td>\n                            <\/tr>\n                                                    <tr class=\"wh-files-list-table-row\">\n                                <td class=\"wh-files-list-table-cell\">\n                                    <a href=\"https:\/\/investors.eurobatteryminerals.com\/wp-content\/uploads\/2019\/07\/anmalningssedel_for_teckning_utan_foretrade_Orezone.pdf\" target=\"_blank\" class=\"wh-files-list-table-cell-link\">\n                                        Application form                                    <\/a>\n                                <\/td>\n                                <td class=\"wh-files-list-table-cell\">\n                                    PDF\n                                <\/td>\n                            <\/tr>\n                                                    <tr class=\"wh-files-list-table-row\">\n                                <td class=\"wh-files-list-table-cell\">\n                                    <a href=\"https:\/\/investors.eurobatteryminerals.com\/wp-content\/uploads\/2019\/07\/Orezone-analys.pdf\" target=\"_blank\" class=\"wh-files-list-table-cell-link\">\n                                        Analysis by Analyst group                                    <\/a>\n                                <\/td>\n                                <td class=\"wh-files-list-table-cell\">\n                                    PDF\n                                <\/td>\n                            <\/tr>\n                                            <\/table>\n                <\/div>\n            <\/div>\n        <\/div>\n    <\/div>\n","protected":false},"excerpt":{"rendered":"","protected":false},"author":1,"featured_media":0,"parent":0,"menu_order":0,"comment_status":"closed","ping_status":"closed","template":"","meta":{"_acf_changed":false,"inline_featured_image":false,"footnotes":""},"class_list":["post-738","page","type-page","status-publish","hentry"],"acf":[],"yoast_head":"<!-- This site is optimized with the Yoast SEO plugin v25.4 - https:\/\/yoast.com\/wordpress\/plugins\/seo\/ -->\n<title>Emission 2019 | Eurobattery Minerals Investor Relations<\/title>\n<meta name=\"description\" content=\"Ethical and fully traceable minerals for the electric revolution\" \/>\n<meta name=\"robots\" content=\"index, follow, max-snippet:-1, max-image-preview:large, max-video-preview:-1\" \/>\n<link rel=\"canonical\" href=\"https:\/\/investors.eurobatteryminerals.com\/emission-2019\/\" \/>\n<meta property=\"og:locale\" content=\"en_US\" \/>\n<meta property=\"og:type\" content=\"article\" \/>\n<meta property=\"og:title\" content=\"Emission 2019 | Eurobattery Minerals Investor Relations\" \/>\n<meta property=\"og:description\" content=\"Ethical and fully traceable minerals for the electric revolution\" \/>\n<meta property=\"og:url\" content=\"https:\/\/investors.eurobatteryminerals.com\/emission-2019\/\" \/>\n<meta property=\"og:site_name\" content=\"Eurobattery Minerals Investor Relations\" \/>\n<meta property=\"article:modified_time\" content=\"2019-07-14T12:16:56+00:00\" \/>\n<meta property=\"og:image\" content=\"https:\/\/investors.eurobatteryminerals.com\/wp-content\/uploads\/2019\/09\/eurobattery-minerals-og.jpg\" \/>\n\t<meta property=\"og:image:width\" content=\"1920\" \/>\n\t<meta property=\"og:image:height\" content=\"1080\" \/>\n\t<meta property=\"og:image:type\" content=\"image\/jpeg\" \/>\n<meta name=\"twitter:card\" content=\"summary_large_image\" \/>\n<meta name=\"twitter:site\" content=\"@eurobatterymin\" \/>\n<script type=\"application\/ld+json\" class=\"yoast-schema-graph\">{\"@context\":\"https:\/\/schema.org\",\"@graph\":[{\"@type\":\"WebPage\",\"@id\":\"https:\/\/investors.eurobatteryminerals.com\/emission-2019\/\",\"url\":\"https:\/\/investors.eurobatteryminerals.com\/emission-2019\/\",\"name\":\"Emission 2019 | Eurobattery Minerals Investor Relations\",\"isPartOf\":{\"@id\":\"https:\/\/investors.eurobatteryminerals.com\/#website\"},\"datePublished\":\"2019-07-14T11:48:03+00:00\",\"dateModified\":\"2019-07-14T12:16:56+00:00\",\"description\":\"Ethical and fully traceable minerals for the electric revolution\",\"breadcrumb\":{\"@id\":\"https:\/\/investors.eurobatteryminerals.com\/emission-2019\/#breadcrumb\"},\"inLanguage\":\"en-US\",\"potentialAction\":[{\"@type\":\"ReadAction\",\"target\":[\"https:\/\/investors.eurobatteryminerals.com\/emission-2019\/\"]}]},{\"@type\":\"BreadcrumbList\",\"@id\":\"https:\/\/investors.eurobatteryminerals.com\/emission-2019\/#breadcrumb\",\"itemListElement\":[{\"@type\":\"ListItem\",\"position\":1,\"name\":\"Hem\",\"item\":\"https:\/\/investors.eurobatteryminerals.com\/en\/\"},{\"@type\":\"ListItem\",\"position\":2,\"name\":\"Emission 2019\"}]},{\"@type\":\"WebSite\",\"@id\":\"https:\/\/investors.eurobatteryminerals.com\/#website\",\"url\":\"https:\/\/investors.eurobatteryminerals.com\/\",\"name\":\"Eurobattery Minerals Investor Relations\",\"description\":\"Ethical and fully traceable minerals for the electric revolution\",\"publisher\":{\"@id\":\"https:\/\/investors.eurobatteryminerals.com\/#organization\"},\"potentialAction\":[{\"@type\":\"SearchAction\",\"target\":{\"@type\":\"EntryPoint\",\"urlTemplate\":\"https:\/\/investors.eurobatteryminerals.com\/?s={search_term_string}\"},\"query-input\":{\"@type\":\"PropertyValueSpecification\",\"valueRequired\":true,\"valueName\":\"search_term_string\"}}],\"inLanguage\":\"en-US\"},{\"@type\":\"Organization\",\"@id\":\"https:\/\/investors.eurobatteryminerals.com\/#organization\",\"name\":\"Eurobattery Minerals\",\"url\":\"https:\/\/investors.eurobatteryminerals.com\/\",\"logo\":{\"@type\":\"ImageObject\",\"inLanguage\":\"en-US\",\"@id\":\"https:\/\/investors.eurobatteryminerals.com\/#\/schema\/logo\/image\/\",\"url\":\"https:\/\/investors.eurobatteryminerals.com\/wp-content\/uploads\/2020\/08\/logo-black.svg\",\"contentUrl\":\"https:\/\/investors.eurobatteryminerals.com\/wp-content\/uploads\/2020\/08\/logo-black.svg\",\"width\":389,\"height\":256,\"caption\":\"Eurobattery Minerals\"},\"image\":{\"@id\":\"https:\/\/investors.eurobatteryminerals.com\/#\/schema\/logo\/image\/\"},\"sameAs\":[\"https:\/\/x.com\/eurobatterymin\",\"https:\/\/www.linkedin.com\/company\/eurobattery-minerals-ab\/\",\"https:\/\/www.youtube.com\/channel\/UCEmRhpqQHcb6v758leWyWYQ\"]}]}<\/script>\n<!-- \/ Yoast SEO plugin. -->","yoast_head_json":{"title":"Emission 2019 | Eurobattery Minerals Investor Relations","description":"Ethical and fully traceable minerals for the electric revolution","robots":{"index":"index","follow":"follow","max-snippet":"max-snippet:-1","max-image-preview":"max-image-preview:large","max-video-preview":"max-video-preview:-1"},"canonical":"https:\/\/investors.eurobatteryminerals.com\/emission-2019\/","og_locale":"en_US","og_type":"article","og_title":"Emission 2019 | Eurobattery Minerals Investor Relations","og_description":"Ethical and fully traceable minerals for the electric revolution","og_url":"https:\/\/investors.eurobatteryminerals.com\/emission-2019\/","og_site_name":"Eurobattery Minerals Investor Relations","article_modified_time":"2019-07-14T12:16:56+00:00","og_image":[{"width":1920,"height":1080,"url":"https:\/\/investors.eurobatteryminerals.com\/wp-content\/uploads\/2019\/09\/eurobattery-minerals-og.jpg","type":"image\/jpeg"}],"twitter_card":"summary_large_image","twitter_site":"@eurobatterymin","schema":{"@context":"https:\/\/schema.org","@graph":[{"@type":"WebPage","@id":"https:\/\/investors.eurobatteryminerals.com\/emission-2019\/","url":"https:\/\/investors.eurobatteryminerals.com\/emission-2019\/","name":"Emission 2019 | Eurobattery Minerals Investor Relations","isPartOf":{"@id":"https:\/\/investors.eurobatteryminerals.com\/#website"},"datePublished":"2019-07-14T11:48:03+00:00","dateModified":"2019-07-14T12:16:56+00:00","description":"Ethical and fully traceable minerals for the electric revolution","breadcrumb":{"@id":"https:\/\/investors.eurobatteryminerals.com\/emission-2019\/#breadcrumb"},"inLanguage":"en-US","potentialAction":[{"@type":"ReadAction","target":["https:\/\/investors.eurobatteryminerals.com\/emission-2019\/"]}]},{"@type":"BreadcrumbList","@id":"https:\/\/investors.eurobatteryminerals.com\/emission-2019\/#breadcrumb","itemListElement":[{"@type":"ListItem","position":1,"name":"Hem","item":"https:\/\/investors.eurobatteryminerals.com\/en\/"},{"@type":"ListItem","position":2,"name":"Emission 2019"}]},{"@type":"WebSite","@id":"https:\/\/investors.eurobatteryminerals.com\/#website","url":"https:\/\/investors.eurobatteryminerals.com\/","name":"Eurobattery Minerals Investor Relations","description":"Ethical and fully traceable minerals for the electric revolution","publisher":{"@id":"https:\/\/investors.eurobatteryminerals.com\/#organization"},"potentialAction":[{"@type":"SearchAction","target":{"@type":"EntryPoint","urlTemplate":"https:\/\/investors.eurobatteryminerals.com\/?s={search_term_string}"},"query-input":{"@type":"PropertyValueSpecification","valueRequired":true,"valueName":"search_term_string"}}],"inLanguage":"en-US"},{"@type":"Organization","@id":"https:\/\/investors.eurobatteryminerals.com\/#organization","name":"Eurobattery Minerals","url":"https:\/\/investors.eurobatteryminerals.com\/","logo":{"@type":"ImageObject","inLanguage":"en-US","@id":"https:\/\/investors.eurobatteryminerals.com\/#\/schema\/logo\/image\/","url":"https:\/\/investors.eurobatteryminerals.com\/wp-content\/uploads\/2020\/08\/logo-black.svg","contentUrl":"https:\/\/investors.eurobatteryminerals.com\/wp-content\/uploads\/2020\/08\/logo-black.svg","width":389,"height":256,"caption":"Eurobattery Minerals"},"image":{"@id":"https:\/\/investors.eurobatteryminerals.com\/#\/schema\/logo\/image\/"},"sameAs":["https:\/\/x.com\/eurobatterymin","https:\/\/www.linkedin.com\/company\/eurobattery-minerals-ab\/","https:\/\/www.youtube.com\/channel\/UCEmRhpqQHcb6v758leWyWYQ"]}]}},"_links":{"self":[{"href":"https:\/\/investors.eurobatteryminerals.com\/en\/wp-json\/wp\/v2\/pages\/738","targetHints":{"allow":["GET"]}}],"collection":[{"href":"https:\/\/investors.eurobatteryminerals.com\/en\/wp-json\/wp\/v2\/pages"}],"about":[{"href":"https:\/\/investors.eurobatteryminerals.com\/en\/wp-json\/wp\/v2\/types\/page"}],"author":[{"embeddable":true,"href":"https:\/\/investors.eurobatteryminerals.com\/en\/wp-json\/wp\/v2\/users\/1"}],"replies":[{"embeddable":true,"href":"https:\/\/investors.eurobatteryminerals.com\/en\/wp-json\/wp\/v2\/comments?post=738"}],"version-history":[{"count":0,"href":"https:\/\/investors.eurobatteryminerals.com\/en\/wp-json\/wp\/v2\/pages\/738\/revisions"}],"wp:attachment":[{"href":"https:\/\/investors.eurobatteryminerals.com\/en\/wp-json\/wp\/v2\/media?parent=738"}],"curies":[{"name":"wp","href":"https:\/\/api.w.org\/{rel}","templated":true}]}}